{"id":23402,"date":"2020-12-30T14:22:51","date_gmt":"2020-12-30T14:22:51","guid":{"rendered":"http:\/\/dev21.cash-depot.ca\/emprunt-court-terme-mauvais-credit\/"},"modified":"2023-09-08T07:41:39","modified_gmt":"2023-09-08T07:41:39","slug":"emprunt-court-terme-mauvais-credit","status":"publish","type":"page","link":"https:\/\/mail.depositmycashnow.ca\/fr\/emprunt-court-terme-mauvais-credit\/","title":{"rendered":"Emprunt court terme mauvais credit"},"content":{"rendered":"<p>[et_pb_section fb_built=&#8221;1&#8243; _builder_version=&#8221;4.16&#8243; _module_preset=&#8221;default&#8221; background_image=&#8221;http:\/\/dev21.cash-depot.ca\/wp-content\/uploads\/2020\/12\/happy-couple.jpg&#8221; custom_padding=&#8221;100px||100px||true|false&#8221; global_colors_info=&#8221;{}&#8221;][et_pb_row _builder_version=&#8221;4.16&#8243; _module_preset=&#8221;default&#8221; global_colors_info=&#8221;{}&#8221;][et_pb_column type=&#8221;4_4&#8243; _builder_version=&#8221;4.16&#8243; _module_preset=&#8221;default&#8221; global_colors_info=&#8221;{}&#8221;][et_pb_text _builder_version=&#8221;4.16&#8243; _module_preset=&#8221;default&#8221; header_font=&#8221;Poppins||||||||&#8221; header_text_color=&#8221;#000000&#8243; header_font_size=&#8221;40px&#8221; header_line_height=&#8221;1.2em&#8221; header_3_text_color=&#8221;#000000&#8243; header_text_shadow_style=&#8221;preset3&#8243; header_text_shadow_color=&#8221;#ffffff&#8221; global_colors_info=&#8221;{}&#8221;]<\/p>\n<h1>Emprunts \u00e0 court terme pour mauvais cr\u00e9dit<\/h1>\n<p>[\/et_pb_text][\/et_pb_column][\/et_pb_row][\/et_pb_section][et_pb_section fb_built=&#8221;1&#8243; _builder_version=&#8221;4.16&#8243; _module_preset=&#8221;default&#8221; background_color=&#8221;#333333&#8243; global_colors_info=&#8221;{}&#8221;][et_pb_row _builder_version=&#8221;4.16&#8243; _module_preset=&#8221;default&#8221; global_colors_info=&#8221;{}&#8221;][et_pb_column type=&#8221;4_4&#8243; _builder_version=&#8221;4.16&#8243; _module_preset=&#8221;default&#8221; global_colors_info=&#8221;{}&#8221;][et_pb_text _builder_version=&#8221;4.16&#8243; _module_preset=&#8221;default&#8221; text_font=&#8221;Poppins||||||||&#8221; text_text_color=&#8221;#ffffff&#8221; text_font_size=&#8221;26px&#8221; text_line_height=&#8221;1.3em&#8221; header_3_font=&#8221;|700|||||||&#8221; global_colors_info=&#8221;{}&#8221;]<\/p>\n<p>Vous avez besoin d\u2019argent d\u00e8s maintenant, mais votre institution financi\u00e8re refuse de vous en pr\u00eater, car vous avez un mauvais dossier de cr\u00e9dit? En faisant une demande en ligne \u00e0 Cash D\u00e9p\u00f4t, vous pouvez obtenir un pr\u00eat personnel rapidement, peu importe votre dossier de cr\u00e9dit. Apprenez-en plus sur nos emprunts \u00e0 court terme pour mauvais cr\u00e9dit.<\/p>\n<p>[\/et_pb_text][et_pb_code _builder_version=&#8221;4.19.0&#8243; _module_preset=&#8221;default&#8221; global_colors_info=&#8221;{}&#8221;]<script type=\"application\/ld+json\">{\"@context\":\"https:\/\/schema.org\",\"@type\":\"FAQPage\",\"mainEntity\":[{\"@type\":\"Question\",\"name\":\"Qu\u2019est-ce qu\u2019un dossier de cr\u00e9dit?\",\"acceptedAnswer\":{\"@type\":\"Answer\",\"text\":\"Votre dossier de cr\u00e9dit sert \u00e0 \u00e9valuer le risque que vous ne payiez pas vos factures ou que vous fassiez des paiements en retard. Il existe deux principaux bureaux de cr\u00e9dit au Canada: \u00c9quifax et TransUnion. Ces derniers recueillent les renseignements sur le cr\u00e9dit des gens.\"}},{\"@type\":\"Question\",\"name\":\"Quelles sont les cons\u00e9quences d\u2019un mauvais dossier de cr\u00e9dit?\",\"acceptedAnswer\":{\"@type\":\"Answer\",\"text\":\"Avec un mauvais dossier de cr\u00e9dit, vous serez consid\u00e9r\u00e9 \u00e0 risque et plusieurs institutions financi\u00e8res pourraient refuser votre demande de pr\u00eat.\\n\\nIl arrive fr\u00e9quemment que des employeurs, des propri\u00e9taires ou des concessionnaires fassent une v\u00e9rification de cr\u00e9dit avant de prendre une d\u00e9cision. Une mauvaise cote de cr\u00e9dit peut donc non seulement vous emp\u00eacher d\u2019emprunter de l\u2019argent, mais \u00e9galement nuire \u00e0 vos chances de trouver un emploi, un logement ou un v\u00e9hicule.\"}},{\"@type\":\"Question\",\"name\":\"Qu\u2019est-ce qu\u2019un emprunt \u00e0 court terme pour mauvais cr\u00e9dit?\",\"acceptedAnswer\":{\"@type\":\"Answer\",\"text\":\"Il est possible d\u2019avoir recours \u00e0 un pr\u00eat sans enqu\u00eate de cr\u00e9dit en \u00e9change d\u2019un taux d\u2019int\u00e9r\u00eat \u00e9lev\u00e9. Vous devez remplir les conditions de votre pr\u00eateur priv\u00e9. Ce type de pr\u00eat doit servir \u00e0 r\u00e9gler des situations financi\u00e8res urgentes. Ce n\u2019est cependant pas une solution \u00e0 long terme.\\n\\nLes emprunts \u00e0 court terme pour mauvais cr\u00e9dit ont aussi l\u2019avantage d\u2019\u00eatre faciles et rapides. Vous n\u2019avez qu\u2019\u00e0 remplir une demande en ligne. Si vous remplissez les conditions, celle-ci sera approuv\u00e9e dans les plus brefs d\u00e9lais.\"}}]}<\/script>[\/et_pb_code][et_pb_button button_url=&#8221;https:\/\/dev21.cash-depot.ca\/fr\/demande-en-ligne\/&#8221; button_text=&#8221;POSTULER MAINTENANT&#8221; _builder_version=&#8221;4.16&#8243; _module_preset=&#8221;default&#8221; custom_button=&#8221;on&#8221; button_text_color=&#8221;#ffffff&#8221; button_bg_color=&#8221;#1e5502&#8243; button_border_width=&#8221;0px&#8221; global_colors_info=&#8221;{}&#8221;][\/et_pb_button][\/et_pb_column][\/et_pb_row][\/et_pb_section][et_pb_section fb_built=&#8221;1&#8243; _builder_version=&#8221;4.16&#8243; _module_preset=&#8221;default&#8221; custom_padding=&#8221;20px||20px||true|false&#8221; global_colors_info=&#8221;{}&#8221;][et_pb_row column_structure=&#8221;1_3,1_3,1_3&#8243; _builder_version=&#8221;4.16&#8243; _module_preset=&#8221;default&#8221; global_colors_info=&#8221;{}&#8221;][et_pb_column type=&#8221;1_3&#8243; _builder_version=&#8221;4.16&#8243; _module_preset=&#8221;default&#8221; global_colors_info=&#8221;{}&#8221;][et_pb_text _builder_version=&#8221;4.16&#8243; _module_preset=&#8221;default&#8221; header_2_font=&#8221;Poppins||||||||&#8221; header_3_font=&#8221;|700|||||||&#8221; global_colors_info=&#8221;{}&#8221;]<\/p>\n<div class=\"spb_content_element col-sm-4 spb_text_column\">\n<div class=\"spb-asset-content\" style=\"margin-top: 0px; margin-bottom: 0px;\">\n<h2>Qu\u2019est-ce qu\u2019un dossier de cr\u00e9dit?<\/h2>\n<p><span><\/span><span>Votre dossier de cr\u00e9dit \u00e9value le risque que vous ne payiez pas vos factures \u00e0 temps ou que vous fassiez des paiements en retard.<\/span> Il existe deux principaux bureaux de cr\u00e9dit au Canada:<a href=\"https:\/\/www.econsumer.equifax.ca\/canadaotc\/showmyequifax.ehtml?locale_code=fr_CA\" target=\"_blank\" rel=\"noopener\"> \u00c9quifax<\/a> et<a href=\"https:\/\/www.transunion.ca\/fr\" target=\"_blank\" rel=\"noopener\"> TransUnion<\/a>. Ces derniers recueillent les renseignements sur le cr\u00e9dit des gens.<\/p>\n<p>Le pointage est une <b>cote de cr\u00e9dit situ\u00e9e entre 300 et 900<\/b>. Plus ce chiffre se rapproche de 900, plus votre dossier de cr\u00e9dit est bon. Plus il se rapproche de 300, plus votre dossier de cr\u00e9dit est mauvais.<\/p>\n<p>Lorsque vous utilisez une carte de cr\u00e9dit, vous avez <b>21 jours<\/b> pour payer vos d\u00e9penses. Si vous payez les factures de votre compte bancaire \u00e0 temps, votre cote de cr\u00e9dit augmentera. Au contraire, si vous ne payez pas ou si vous faites des paiements en retard, celle-ci diminuera.<\/p>\n<\/div>\n<\/div>\n<p>[\/et_pb_text][\/et_pb_column][et_pb_column type=&#8221;1_3&#8243; _builder_version=&#8221;4.16&#8243; _module_preset=&#8221;default&#8221; global_colors_info=&#8221;{}&#8221;][et_pb_text _builder_version=&#8221;4.16&#8243; _module_preset=&#8221;default&#8221; header_2_font=&#8221;Poppins||||||||&#8221; header_3_font=&#8221;|700|||||||&#8221; global_colors_info=&#8221;{}&#8221;]<\/p>\n<div class=\"spb_content_element col-sm-4 spb_text_column\">\n<div class=\"spb-asset-content\" style=\"margin-top: 0px; margin-bottom: 0px;\">\n<h2>Quelles sont les cons\u00e9quences d\u2019un mauvais dossier de cr\u00e9dit?<\/h2>\n<p>Avec un mauvais dossier de cr\u00e9dit, vous serez consid\u00e9r\u00e9 \u00e0 risque et plusieurs institutions financi\u00e8res pourraient refuser votre demande de pr\u00eat.<\/p>\n<p>Il arrive fr\u00e9quemment que des employeurs, des propri\u00e9taires ou des concessionnaires fassent une v\u00e9rification de cr\u00e9dit avant de prendre une d\u00e9cision. Une mauvaise cote de cr\u00e9dit peut donc non seulement vous emp\u00eacher d\u2019emprunter de l\u2019argent, mais \u00e9galement nuire \u00e0 vos chances de trouver un emploi, un logement ou un v\u00e9hicule.<\/p>\n<\/div>\n<\/div>\n<p>[\/et_pb_text][\/et_pb_column][et_pb_column type=&#8221;1_3&#8243; _builder_version=&#8221;4.16&#8243; _module_preset=&#8221;default&#8221; global_colors_info=&#8221;{}&#8221;][et_pb_text _builder_version=&#8221;4.16&#8243; _module_preset=&#8221;default&#8221; header_2_font=&#8221;Poppins||||||||&#8221; header_3_font=&#8221;|700|||||||&#8221; global_colors_info=&#8221;{}&#8221;]<\/p>\n<div class=\"spb_content_element col-sm-4 spb_text_column\">\n<div class=\"spb-asset-content\" style=\"margin-top: 0px; margin-bottom: 0px;\">\n<h2>Qu\u2019est-ce qu\u2019un emprunt \u00e0 court terme pour mauvais cr\u00e9dit?<\/h2>\n<p>Il est possible d\u2019avoir recours \u00e0 un<a href=\"https:\/\/dev21.cash-depot.ca\/fr\/prets-sans-enquete-de-credit\/\" target=\"_blank\" rel=\"noopener\"> pr\u00eat sans enqu\u00eate de cr\u00e9dit<\/a> en \u00e9change d\u2019un taux d\u2019int\u00e9r\u00eat \u00e9lev\u00e9. Vous devez remplir les conditions de votre pr\u00eateur priv\u00e9. Ce type de pr\u00eat doit servir \u00e0 r\u00e9gler des <b>situations financi\u00e8res urgentes<\/b>. Ce n\u2019est cependant pas une solution \u00e0 long terme.<\/p>\n<p>Les emprunts \u00e0 court terme pour mauvais cr\u00e9dit ont aussi l\u2019avantage d\u2019\u00eatre faciles et rapides. Vous n\u2019avez qu\u2019\u00e0 remplir une demande en ligne. Si vous remplissez les conditions, celle-ci sera approuv\u00e9e dans les plus brefs d\u00e9lais.<\/p>\n<\/div>\n<\/div>\n<p>[\/et_pb_text][\/et_pb_column][\/et_pb_row][\/et_pb_section][et_pb_section fb_built=&#8221;1&#8243; _builder_version=&#8221;4.16&#8243; _module_preset=&#8221;default&#8221; background_color=&#8221;#eaeaea&#8221; global_colors_info=&#8221;{}&#8221;][et_pb_row _builder_version=&#8221;4.16&#8243; _module_preset=&#8221;default&#8221; global_colors_info=&#8221;{}&#8221;][et_pb_column type=&#8221;4_4&#8243; _builder_version=&#8221;4.16&#8243; _module_preset=&#8221;default&#8221; global_colors_info=&#8221;{}&#8221;][et_pb_text _builder_version=&#8221;4.16&#8243; _module_preset=&#8221;default&#8221; text_font=&#8221;Poppins||||||||&#8221; text_font_size=&#8221;20px&#8221; header_2_font=&#8221;Poppins||||||||&#8221; header_2_font_size=&#8221;29px&#8221; text_orientation=&#8221;center&#8221; global_colors_info=&#8221;{}&#8221;]<\/p>\n<section class=\"row \">\n<div class=\"spb_content_element col-sm-12 spb_text_column\">\n<div class=\"spb-asset-content\" style=\"margin-top: 0px; margin-bottom: 0px;\">\n<h2>Profitez de nos emprunts \u00e0 court terme pour mauvais cr\u00e9dit.<\/h2>\n<p>Vos erreurs du pass\u00e9 ou des \u00e9v\u00e9nements dans votre vie vous ont donn\u00e9 un mauvais dossier de cr\u00e9dit et tout le monde refuse de vous pr\u00eater de l\u2019argent? N\u2019ayez crainte. Cash D\u00e9p\u00f4t offre un service d\u2019emprunts \u00e0 court terme pour mauvais cr\u00e9dit pour un montant qui varie <b>entre 300$ et 3000$<\/b>. Si vous remplissez nos conditions, votre demande sera approuv\u00e9e <b>en moins de 24 heures<\/b>.<\/p>\n<\/div>\n<\/div>\n<\/section>\n<p>[\/et_pb_text][\/et_pb_column][\/et_pb_row][\/et_pb_section][et_pb_section fb_built=&#8221;1&#8243; _builder_version=&#8221;4.16&#8243; _module_preset=&#8221;default&#8221; background_color=&#8221;rgba(30,85,2,0.37)&#8221; global_colors_info=&#8221;{}&#8221;][et_pb_row _builder_version=&#8221;4.16&#8243; _module_preset=&#8221;default&#8221; global_colors_info=&#8221;{}&#8221;][et_pb_column type=&#8221;4_4&#8243; _builder_version=&#8221;4.16&#8243; _module_preset=&#8221;default&#8221; global_colors_info=&#8221;{}&#8221;][et_pb_text _builder_version=&#8221;4.16&#8243; _module_preset=&#8221;default&#8221; text_font=&#8221;Poppins||||||||&#8221; text_text_color=&#8221;#000000&#8243; text_font_size=&#8221;20px&#8221; header_text_color=&#8221;#ffffff&#8221; header_2_font=&#8221;Poppins||||||||&#8221; header_2_text_color=&#8221;#000000&#8243; header_2_font_size=&#8221;29px&#8221; text_orientation=&#8221;center&#8221; global_colors_info=&#8221;{}&#8221;]<\/p>\n<section class=\"row \">\n<div class=\"spb_content_element col-sm-12 spb_text_column\">\n<div class=\"spb-asset-content\" style=\"margin-top: 0px; margin-bottom: 0px;\">\n<h2>\u00c0 propos de Cash D\u00e9p\u00f4t\u00a0<\/h2>\n<p>Depuis plus de 12 ans, notre entreprise octroie des emprunts \u00e0 court terme pour mauvais cr\u00e9dit \u00e0 des gens qui ont une situation financi\u00e8re difficile et qui ont urgemment besoin d\u2019argent. Notre mission est d\u2019aider les personnes \u00e0<a href=\"https:\/\/dev21.cash-depot.ca\/fr\/consolidation-de-dettes\/\" target=\"_blank\" rel=\"noopener\"> consolider leur dette<\/a> et \u00e0<a href=\"https:\/\/dev21.cash-depot.ca\/fr\/refaire-son-credit\/\" target=\"_blank\" rel=\"noopener\"> refaire leur cr\u00e9dit<\/a>.\u00a0<\/p>\n<p>Nous comprenons la d\u00e9ception que vous devez avoir lorsque toutes les institutions financi\u00e8res refusent de vous pr\u00eater de l\u2019argent. C\u2019est pourquoi nous pouvons vous offrir de l\u2019argent rapidement sans aucun stress.<\/p>\n<\/div>\n<\/div>\n<\/section>\n<p>[\/et_pb_text][\/et_pb_column][\/et_pb_row][et_pb_row _builder_version=&#8221;4.16&#8243; _module_preset=&#8221;default&#8221; locked=&#8221;off&#8221; global_colors_info=&#8221;{}&#8221;][et_pb_column type=&#8221;4_4&#8243; _builder_version=&#8221;4.16&#8243; _module_preset=&#8221;default&#8221; global_colors_info=&#8221;{}&#8221;][et_pb_text _builder_version=&#8221;4.16&#8243; _module_preset=&#8221;default&#8221; global_colors_info=&#8221;{}&#8221;]<\/p>\n<!--Yasr Visitor Votes Shortcode--><div id='yasr_visitor_votes_f69879dff2425' class='yasr-visitor-votes'><div class=\"yasr-custom-text-vv-before yasr-custom-text-vv-before-23402\">Click to rate this post!<\/div><div id='yasr-vv-second-row-container-f69879dff2425'\r\n                                        class='yasr-vv-second-row-container'><div id='yasr-visitor-votes-rater-f69879dff2425'\r\n                                      class='yasr-rater-stars-vv'\r\n                                      data-rater-postid='23402'\r\n                                      data-rating='3.6'\r\n                                      data-rater-starsize='32'\r\n                                      data-rater-readonly='false'\r\n                                      data-rater-nonce='8fcae86cad'\r\n                                      data-issingular='false'\r\n                                    ><\/div><div class=\"yasr-vv-stats-text-container\" id=\"yasr-vv-stats-text-container-f69879dff2425\"><svg xmlns=\"https:\/\/www.w3.org\/2000\/svg\" width=\"20\" height=\"20\"\r\n                                   class=\"yasr-dashicons-visitor-stats\"\r\n                                   data-postid=\"23402\"\r\n                                   id=\"yasr-stats-dashicon-f69879dff2425\">\r\n                                   <path d=\"M18 18v-16h-4v16h4zM12 18v-11h-4v11h4zM6 18v-8h-4v8h4z\"><\/path>\r\n                               <\/svg><span id=\"yasr-vv-text-container-f69879dff2425\" class=\"yasr-vv-text-container\">[Total: <span id=\"yasr-vv-votes-number-container-f69879dff2425\">7<\/span>  Average: <span id=\"yasr-vv-average-container-f69879dff2425\">3.6<\/span>]<\/span><\/div><div id='yasr-vv-loader-f69879dff2425' class='yasr-vv-container-loader'><\/div><\/div><div id='yasr-vv-bottom-container-f69879dff2425' class='yasr-vv-bottom-container'><\/div><\/div><!--End Yasr Visitor Votes Shortcode-->\n<p>[\/et_pb_text][\/et_pb_column][\/et_pb_row][\/et_pb_section]<\/p>\n<div style='text-align:left' class='yasr-auto-insert-visitor'><!--Yasr Visitor Votes Shortcode--><div id='yasr_visitor_votes_6dff350229ff7' class='yasr-visitor-votes'><div class=\"yasr-custom-text-vv-before yasr-custom-text-vv-before-23402\">Click to rate this post!<\/div><div id='yasr-vv-second-row-container-6dff350229ff7'\r\n                                        class='yasr-vv-second-row-container'><div id='yasr-visitor-votes-rater-6dff350229ff7'\r\n                                      class='yasr-rater-stars-vv'\r\n                                      data-rater-postid='23402'\r\n                                      data-rating='3.6'\r\n                                      data-rater-starsize='32'\r\n                                      data-rater-readonly='false'\r\n                                      data-rater-nonce='8fcae86cad'\r\n                                      data-issingular='false'\r\n                                    ><\/div><div class=\"yasr-vv-stats-text-container\" id=\"yasr-vv-stats-text-container-6dff350229ff7\"><svg xmlns=\"https:\/\/www.w3.org\/2000\/svg\" width=\"20\" height=\"20\"\r\n                                   class=\"yasr-dashicons-visitor-stats\"\r\n                                   data-postid=\"23402\"\r\n                                   id=\"yasr-stats-dashicon-6dff350229ff7\">\r\n                                   <path d=\"M18 18v-16h-4v16h4zM12 18v-11h-4v11h4zM6 18v-8h-4v8h4z\"><\/path>\r\n                               <\/svg><span id=\"yasr-vv-text-container-6dff350229ff7\" class=\"yasr-vv-text-container\">[Total: <span id=\"yasr-vv-votes-number-container-6dff350229ff7\">7<\/span>  Average: <span id=\"yasr-vv-average-container-6dff350229ff7\">3.6<\/span>]<\/span><\/div><div id='yasr-vv-loader-6dff350229ff7' class='yasr-vv-container-loader'><\/div><\/div><div id='yasr-vv-bottom-container-6dff350229ff7' class='yasr-vv-bottom-container'><\/div><\/div><!--End Yasr Visitor Votes Shortcode--><\/div>","protected":false},"excerpt":{"rendered":"<p>Emprunts \u00e0 court terme pour mauvais cr\u00e9ditVous avez besoin d\u2019argent d\u00e8s maintenant, mais votre institution financi\u00e8re refuse de vous en pr\u00eater, car vous avez un mauvais dossier de cr\u00e9dit? En faisant une demande en ligne \u00e0 Cash D\u00e9p\u00f4t, vous pouvez obtenir un pr\u00eat personnel rapidement, peu importe votre dossier de cr\u00e9dit. Apprenez-en plus sur nos [&hellip;]<\/p>\n","protected":false},"author":1,"featured_media":0,"parent":0,"menu_order":0,"comment_status":"closed","ping_status":"closed","template":"","meta":{"_et_pb_use_builder":"on","_et_pb_old_content":"","_et_gb_content_width":"","yasr_overall_rating":0,"yasr_post_is_review":"","yasr_auto_insert_disabled":"","yasr_review_type":"","footnotes":""},"yasr_visitor_votes":{"stars_attributes":{"read_only":false,"span_bottom":false},"number_of_votes":7,"sum_votes":25},"_links":{"self":[{"href":"https:\/\/mail.depositmycashnow.ca\/fr\/wp-json\/wp\/v2\/pages\/23402"}],"collection":[{"href":"https:\/\/mail.depositmycashnow.ca\/fr\/wp-json\/wp\/v2\/pages"}],"about":[{"href":"https:\/\/mail.depositmycashnow.ca\/fr\/wp-json\/wp\/v2\/types\/page"}],"author":[{"embeddable":true,"href":"https:\/\/mail.depositmycashnow.ca\/fr\/wp-json\/wp\/v2\/users\/1"}],"replies":[{"embeddable":true,"href":"https:\/\/mail.depositmycashnow.ca\/fr\/wp-json\/wp\/v2\/comments?post=23402"}],"version-history":[{"count":9,"href":"https:\/\/mail.depositmycashnow.ca\/fr\/wp-json\/wp\/v2\/pages\/23402\/revisions"}],"predecessor-version":[{"id":28824,"href":"https:\/\/mail.depositmycashnow.ca\/fr\/wp-json\/wp\/v2\/pages\/23402\/revisions\/28824"}],"wp:attachment":[{"href":"https:\/\/mail.depositmycashnow.ca\/fr\/wp-json\/wp\/v2\/media?parent=23402"}],"curies":[{"name":"wp","href":"https:\/\/api.w.org\/{rel}","templated":true}]}}