{"id":23397,"date":"2020-12-30T14:19:04","date_gmt":"2020-12-30T14:19:04","guid":{"rendered":"http:\/\/dev21.cash-depot.ca\/refaire-son-credit\/"},"modified":"2023-09-08T07:33:17","modified_gmt":"2023-09-08T07:33:17","slug":"refaire-son-credit","status":"publish","type":"page","link":"https:\/\/mail.depositmycashnow.ca\/fr\/refaire-son-credit\/","title":{"rendered":"Refaire son credit"},"content":{"rendered":"<p>[et_pb_section fb_built=&#8221;1&#8243; _builder_version=&#8221;4.16&#8243; _module_preset=&#8221;default&#8221; background_image=&#8221;http:\/\/dev21.cash-depot.ca\/wp-content\/uploads\/2020\/12\/creditrb.jpg&#8221; custom_padding=&#8221;100px||100px||true|false&#8221; global_colors_info=&#8221;{}&#8221;][et_pb_row _builder_version=&#8221;4.16&#8243; _module_preset=&#8221;default&#8221; global_colors_info=&#8221;{}&#8221;][et_pb_column type=&#8221;4_4&#8243; _builder_version=&#8221;4.16&#8243; _module_preset=&#8221;default&#8221; global_colors_info=&#8221;{}&#8221;][et_pb_text _builder_version=&#8221;4.16&#8243; _module_preset=&#8221;default&#8221; header_font=&#8221;Poppins||||||||&#8221; header_text_color=&#8221;#000000&#8243; header_font_size=&#8221;40px&#8221; header_line_height=&#8221;1.2em&#8221; header_3_font=&#8221;Poppins||||||||&#8221; header_3_text_color=&#8221;#000000&#8243; header_text_shadow_style=&#8221;preset3&#8243; header_text_shadow_color=&#8221;#ffffff&#8221; header_3_text_shadow_style=&#8221;preset3&#8243; header_3_text_shadow_color=&#8221;#ffffff&#8221; global_colors_info=&#8221;{}&#8221;]<\/p>\n<h1>Refaire son Cr\u00e9dit<\/h1>\n<h3><span class=\"subtitle\">Une bonne cote de cr\u00e9dit peut vous faire \u00e9conomiser de l\u2019argent<\/span><\/h3>\n<p>[\/et_pb_text][\/et_pb_column][\/et_pb_row][\/et_pb_section][et_pb_section fb_built=&#8221;1&#8243; _builder_version=&#8221;4.16&#8243; _module_preset=&#8221;default&#8221; background_color=&#8221;#333333&#8243; global_colors_info=&#8221;{}&#8221;][et_pb_row column_structure=&#8221;2_3,1_3&#8243; _builder_version=&#8221;4.16&#8243; _module_preset=&#8221;default&#8221; global_colors_info=&#8221;{}&#8221;][et_pb_column type=&#8221;2_3&#8243; _builder_version=&#8221;4.16&#8243; _module_preset=&#8221;default&#8221; global_colors_info=&#8221;{}&#8221;][et_pb_text _builder_version=&#8221;4.16&#8243; _module_preset=&#8221;default&#8221; header_2_font=&#8221;Poppins||||||||&#8221; header_2_text_color=&#8221;#ffffff&#8221; header_2_font_size=&#8221;34px&#8221; global_colors_info=&#8221;{}&#8221;]<\/p>\n<h2>Refaire son Cr\u00e9dit avec Cash Depot!<\/h2>\n<p>[\/et_pb_text][et_pb_text _builder_version=&#8221;4.16&#8243; _module_preset=&#8221;default&#8221; text_font=&#8221;Poppins||||||||&#8221; text_text_color=&#8221;#ffffff&#8221; text_font_size=&#8221;26px&#8221; text_line_height=&#8221;1.3em&#8221; header_3_font=&#8221;|700|||||||&#8221; global_colors_info=&#8221;{}&#8221;]<\/p>\n<p>Mauvaise cote de cr\u00e9dit ? Condamn\u00e9 \u00e0 des taux d\u2019int\u00e9r\u00eat ultras \u00e9lev\u00e9s? Cash D\u00e9p\u00f4t vous aide \u00e0 refaire votre cr\u00e9dit.<\/p>\n<p>[\/et_pb_text][et_pb_button button_url=&#8221;https:\/\/dev21.cash-depot.ca\/fr\/demande-en-ligne\/&#8221; button_text=&#8221;POSTULER MAINTENANT&#8221; _builder_version=&#8221;4.16&#8243; _module_preset=&#8221;default&#8221; custom_button=&#8221;on&#8221; button_text_color=&#8221;#ffffff&#8221; button_bg_color=&#8221;#1e5502&#8243; button_border_width=&#8221;0px&#8221; button_border_radius=&#8221;0px&#8221; global_colors_info=&#8221;{}&#8221;][\/et_pb_button][\/et_pb_column][et_pb_column type=&#8221;1_3&#8243; _builder_version=&#8221;4.16&#8243; _module_preset=&#8221;default&#8221; global_colors_info=&#8221;{}&#8221;][et_pb_text _builder_version=&#8221;4.16&#8243; _module_preset=&#8221;default&#8221; text_font=&#8221;Poppins||||||||&#8221; text_text_color=&#8221;#ffffff&#8221; header_3_font=&#8221;Poppins|700|||||||&#8221; header_3_text_color=&#8221;#ffffff&#8221; background_color=&#8221;#212121&#8243; custom_padding=&#8221;20px|20px|20px|20px|true|true&#8221; global_colors_info=&#8221;{}&#8221;]<\/p>\n<h3>Pourquoi choisir Cash D\u00e9p\u00f4t?<\/h3>\n<p>Pour refaire votre cr\u00e9dit rapidement et simplement. Sans frais initiaux. Sans frais cach\u00e9s. Sans mauvaise surprise. Que de l\u2019aide, et de l\u2019argent.<\/p>\n<p>[\/et_pb_text][\/et_pb_column][\/et_pb_row][\/et_pb_section][et_pb_section fb_built=&#8221;1&#8243; _builder_version=&#8221;4.16&#8243; _module_preset=&#8221;default&#8221; custom_padding=&#8221;20px||20px||true|false&#8221; global_colors_info=&#8221;{}&#8221;][et_pb_row column_structure=&#8221;1_2,1_2&#8243; _builder_version=&#8221;4.16&#8243; _module_preset=&#8221;default&#8221; global_colors_info=&#8221;{}&#8221;][et_pb_column type=&#8221;1_2&#8243; _builder_version=&#8221;4.16&#8243; _module_preset=&#8221;default&#8221; global_colors_info=&#8221;{}&#8221;][et_pb_text _builder_version=&#8221;4.16&#8243; _module_preset=&#8221;default&#8221; header_3_font=&#8221;|700|||||||&#8221; global_colors_info=&#8221;{}&#8221;]<\/p>\n<h3>Qu\u2019est-ce qu\u2019une carte de cr\u00e9dit s\u00e9curis\u00e9e?<\/h3>\n<p>Une carte de cr\u00e9dit s\u00e9curis\u00e9e ou garantie est une carte de cr\u00e9dit activ\u00e9e par un d\u00e9p\u00f4t de s\u00e9curit\u00e9. Par exemple, vous d\u00e9posez 300$ sur le compte de la carte et vous pouvez ensuite d\u00e9penser 300$ avec la carte. L\u2019usage des cartes de cr\u00e9dit s\u00e9curis\u00e9es est similaire \u00e0 celle des cartes pr\u00e9pay\u00e9es, \u00e0 l\u2019exception que les cartes de cr\u00e9dit s\u00e9curis\u00e9es vous permettent de refaire votre dossier de cr\u00e9dit.<\/p>\n<p>&nbsp;<\/p>\n<p>[\/et_pb_text][\/et_pb_column][et_pb_column type=&#8221;1_2&#8243; _builder_version=&#8221;4.16&#8243; _module_preset=&#8221;default&#8221; global_colors_info=&#8221;{}&#8221;][et_pb_text _builder_version=&#8221;4.16&#8243; _module_preset=&#8221;default&#8221; header_3_font=&#8221;|700|||||||&#8221; global_colors_info=&#8221;{}&#8221;]<\/p>\n<h3>Pourquoi avoir recours \u00e0 une carte de cr\u00e9dit s\u00e9curis\u00e9e?<\/h3>\n<p>Vous devez r\u00e9gler de mauvais ant\u00e9c\u00e9dents de cr\u00e9dit et\/ou vous n\u2019\u00eates pas \u00e9ligible pour une carte de cr\u00e9dit standard? La carte de cr\u00e9dit s\u00e9curis\u00e9e est con\u00e7ue pour vous.<\/p>\n<p>[\/et_pb_text][\/et_pb_column][\/et_pb_row][\/et_pb_section][et_pb_section fb_built=&#8221;1&#8243; _builder_version=&#8221;4.16&#8243; _module_preset=&#8221;default&#8221; background_color=&#8221;#efefef&#8221; global_colors_info=&#8221;{}&#8221;][et_pb_row _builder_version=&#8221;4.16&#8243; _module_preset=&#8221;default&#8221; global_colors_info=&#8221;{}&#8221;][et_pb_column type=&#8221;4_4&#8243; _builder_version=&#8221;4.16&#8243; _module_preset=&#8221;default&#8221; global_colors_info=&#8221;{}&#8221;][et_pb_text _builder_version=&#8221;4.16&#8243; _module_preset=&#8221;default&#8221; header_3_font=&#8221;|700|||||||&#8221; global_colors_info=&#8221;{}&#8221;]<\/p>\n<section class=\"row \">\n<div class=\"spb_content_element col-sm-12 spb_text_column\">\n<div class=\"spb-asset-content\" style=\"margin-top: 0px; margin-bottom: 0px;\">\n<h3 class=\"impact-text\" style=\"text-align: center;\">Pourquoi refaire votre cr\u00e9dit est important?<\/h3>\n<\/div>\n<\/div>\n<\/section>\n<section class=\"row \">\n<div class=\"spb_content_element col-sm-12 spb_text_column\">\n<div class=\"spb-asset-content\" style=\"margin-top: 0px; margin-bottom: 0px;\">\n<div class=\"wpb_text_column wpb_content_element \"><\/div>\n<\/div>\n<\/div>\n<\/section>\n<p>[\/et_pb_text][\/et_pb_column][\/et_pb_row][et_pb_row column_structure=&#8221;1_2,1_2&#8243; _builder_version=&#8221;4.16&#8243; _module_preset=&#8221;default&#8221; global_colors_info=&#8221;{}&#8221;][et_pb_column type=&#8221;1_2&#8243; _builder_version=&#8221;4.16&#8243; _module_preset=&#8221;default&#8221; global_colors_info=&#8221;{}&#8221;][et_pb_text _builder_version=&#8221;4.16&#8243; _module_preset=&#8221;default&#8221; global_colors_info=&#8221;{}&#8221;]<\/p>\n<p>Votre dossier de cr\u00e9dit est utilis\u00e9 pour d\u00e9terminer votre \u00e9ligibilit\u00e9 \u00e0 des pr\u00eats bancaires comme des hypoth\u00e8ques et des pr\u00eats automobiles ainsi que les frais d\u2019int\u00e9r\u00eats que vous devrez payer sur ce pr\u00eat.<\/p>\n<p>Avec une mauvaise cote de cr\u00e9dit (300 \u00e0 659), vous avez une chance plus faible. d\u2019obtenir les pr\u00eats dont vous avez besoin, puis on vous imposera des taux d\u2019int\u00e9r\u00eat plus hauts.<\/p>\n<p>Avec une bonne cote de cr\u00e9dit (660 \u00e0 900), vous serez en mesure d\u2019emprunter plus d\u2019argent et payer moins d\u2019int\u00e9r\u00eat, vous faisant \u00e9conomiser \u00e0 long terme.<\/p>\n<p>Comment am\u00e9liorer votre cote de cr\u00e9dit ? En payant vos factures et en respectant les d\u00e9lais.<\/p>\n<p>[\/et_pb_text][\/et_pb_column][et_pb_column type=&#8221;1_2&#8243; _builder_version=&#8221;4.16&#8243; _module_preset=&#8221;default&#8221; global_colors_info=&#8221;{}&#8221;][et_pb_text _builder_version=&#8221;4.16&#8243; _module_preset=&#8221;default&#8221; global_colors_info=&#8221;{}&#8221;]<\/p>\n<p id=\"makefont-k\"><strong>Ce que vous devez savoir sur le TAP<\/strong><\/p>\n<\/div>\n<\/div>\n<div class=\"wpb_text_column wpb_content_element \">\n<div class=\"wpb_wrapper\">\n<p>Le TAP (Taux Annuel en Pourcentage) est le total des co\u00fbts des pr\u00eats sur salaire ou des pr\u00eats \u00e0 remboursements \u00e9chelonn\u00e9s. Il est exprim\u00e9 en %, calcul\u00e9 par ann\u00e9e et fond\u00e9 sur la dur\u00e9e du pr\u00eat. Le TAP n\u2019est PAS le taux d\u2019int\u00e9r\u00eat. Contactez-nous pour en savoir plus sur le TAP.[\/et_pb_text][\/et_pb_column][\/et_pb_row][\/et_pb_section][et_pb_section fb_built=&#8221;1&#8243; _builder_version=&#8221;4.19.0&#8243; _module_preset=&#8221;default&#8221; global_colors_info=&#8221;{}&#8221;][et_pb_row _builder_version=&#8221;4.19.0&#8243; _module_preset=&#8221;default&#8221; global_colors_info=&#8221;{}&#8221;][et_pb_column type=&#8221;4_4&#8243; _builder_version=&#8221;4.19.0&#8243; _module_preset=&#8221;default&#8221; global_colors_info=&#8221;{}&#8221;][et_pb_code _builder_version=&#8221;4.19.0&#8243; _module_preset=&#8221;default&#8221; global_colors_info=&#8221;{}&#8221;]<script type=\"application\/ld+json\">{\"@context\":\"https:\/\/schema.org\",\"@type\":\"FAQPage\",\"mainEntity\":[{\"@type\":\"Question\",\"name\":\"Qu\u2019est-ce qu\u2019une carte de cr\u00e9dit s\u00e9curis\u00e9e?\",\"acceptedAnswer\":{\"@type\":\"Answer\",\"text\":\"Une carte de cr\u00e9dit s\u00e9curis\u00e9e ou garantie est une carte de cr\u00e9dit activ\u00e9e par un d\u00e9p\u00f4t de s\u00e9curit\u00e9. Par exemple, vous d\u00e9posez 300$ sur le compte de la carte et vous pouvez ensuite d\u00e9penser 300$ avec la carte. L\u2019usage des cartes de cr\u00e9dit s\u00e9curis\u00e9es est similaire \u00e0 celle des cartes pr\u00e9pay\u00e9es, \u00e0 l\u2019exception que les cartes de cr\u00e9dit s\u00e9curis\u00e9es vous permettent de refaire votre dossier de cr\u00e9dit.\"}},{\"@type\":\"Question\",\"name\":\"Pourquoi avoir recours \u00e0 une carte de cr\u00e9dit s\u00e9curis\u00e9e?\",\"acceptedAnswer\":{\"@type\":\"Answer\",\"text\":\"Vous devez r\u00e9gler de mauvais ant\u00e9c\u00e9dents de cr\u00e9dit et\/ou vous n\u2019\u00eates pas \u00e9ligible pour une carte de cr\u00e9dit standard? La carte de cr\u00e9dit s\u00e9curis\u00e9e est con\u00e7ue pour vous.\"}},{\"@type\":\"Question\",\"name\":\"Pourquoi refaire votre cr\u00e9dit est important?\",\"acceptedAnswer\":{\"@type\":\"Answer\",\"text\":\"Votre dossier de cr\u00e9dit est utilis\u00e9 pour d\u00e9terminer votre \u00e9ligibilit\u00e9 \u00e0 des pr\u00eats bancaires comme des hypoth\u00e8ques et des pr\u00eats automobiles ainsi que les frais d\u2019int\u00e9r\u00eats que vous devrez payer sur ce pr\u00eat.\\nAvec une mauvaise cote de cr\u00e9dit (300 \u00e0 659), vous avez moins de chance d\u2019obtenir les pr\u00eats dont vous avez besoin, puis on vous imposera des taux d\u2019int\u00e9r\u00eat plus hauts.\\nAvec une bonne cote de cr\u00e9dit (660 \u00e0 900), vous serez en mesure d\u2019emprunter plus d\u2019argent et payer moins d\u2019int\u00e9r\u00eat, vous faisant \u00e9conomiser \u00e0 long terme.\"}}]}<\/script>[\/et_pb_code][\/et_pb_column][\/et_pb_row][\/et_pb_section][et_pb_section fb_built=&#8221;1&#8243; _builder_version=&#8221;4.16&#8243; _module_preset=&#8221;default&#8221; global_colors_info=&#8221;{}&#8221;][et_pb_row _builder_version=&#8221;4.16&#8243; _module_preset=&#8221;default&#8221; global_colors_info=&#8221;{}&#8221;][et_pb_column type=&#8221;4_4&#8243; _builder_version=&#8221;4.16&#8243; _module_preset=&#8221;default&#8221; global_colors_info=&#8221;{}&#8221;][et_pb_text _builder_version=&#8221;4.16&#8243; _module_preset=&#8221;default&#8221; global_colors_info=&#8221;{}&#8221;]<\/p>\n<h3 class=\"mar-abott\" style=\"text-align: center;\">VOUS AVEZ DES QUESTIONS?<\/h3>\n<p style=\"text-align: center;\">Nous sommes toujours \u00e0 votre service <a id=\"linkmt\" href=\"tel:1-844-906-2274\">1-844-906-2274<\/a><br \/> ou envoyez-nous un courriel avec vos questions \u00e0 l\u2019adresse <a id=\"linkmt\" href=\"mailto:info@dev21.cash-depot.ca\">info@dev21.cash-depot.ca<\/a><br \/> et nous ferons un plaisir de vous aider. Vous pouvez \u00e9galement consulter notre page <a id=\"linkmt\" href=\"https:\/\/dev21.cash-depot.ca\/fr\/faq\/\" target=\"_blank\" rel=\"noopener\">FAQ<\/a> pour plus d\u2019informations.<\/p>\n<p style=\"text-align: center;\">Rappelez-vous de toujours \u00eatre financi\u00e8rement responsable et d\u2019utiliser les avances de tr\u00e9sorerie pour \u00e9conomiser de l\u2019argent en \u00e9vitant les frais de retard ou des frais de d\u00e9couvert.<\/p>\n<p>&nbsp;<\/p>\n<p>[\/et_pb_text][\/et_pb_column][\/et_pb_row][et_pb_row _builder_version=&#8221;4.16&#8243; _module_preset=&#8221;default&#8221; locked=&#8221;off&#8221; global_colors_info=&#8221;{}&#8221;][et_pb_column type=&#8221;4_4&#8243; _builder_version=&#8221;4.16&#8243; _module_preset=&#8221;default&#8221; global_colors_info=&#8221;{}&#8221;][et_pb_text _builder_version=&#8221;4.16&#8243; _module_preset=&#8221;default&#8221; global_colors_info=&#8221;{}&#8221;]<\/p>\n<!--Yasr Visitor Votes Shortcode--><div id='yasr_visitor_votes_8336d927047f2' class='yasr-visitor-votes'><div class=\"yasr-custom-text-vv-before yasr-custom-text-vv-before-23397\">Click to rate this post!<\/div><div id='yasr-vv-second-row-container-8336d927047f2'\r\n                                        class='yasr-vv-second-row-container'><div id='yasr-visitor-votes-rater-8336d927047f2'\r\n                                      class='yasr-rater-stars-vv'\r\n                                      data-rater-postid='23397'\r\n                                      data-rating='3.8'\r\n                                      data-rater-starsize='32'\r\n                                      data-rater-readonly='false'\r\n                                      data-rater-nonce='8fcae86cad'\r\n                                      data-issingular='false'\r\n                                    ><\/div><div class=\"yasr-vv-stats-text-container\" id=\"yasr-vv-stats-text-container-8336d927047f2\"><svg xmlns=\"https:\/\/www.w3.org\/2000\/svg\" width=\"20\" height=\"20\"\r\n                                   class=\"yasr-dashicons-visitor-stats\"\r\n                                   data-postid=\"23397\"\r\n                                   id=\"yasr-stats-dashicon-8336d927047f2\">\r\n                                   <path d=\"M18 18v-16h-4v16h4zM12 18v-11h-4v11h4zM6 18v-8h-4v8h4z\"><\/path>\r\n                               <\/svg><span id=\"yasr-vv-text-container-8336d927047f2\" class=\"yasr-vv-text-container\">[Total: <span id=\"yasr-vv-votes-number-container-8336d927047f2\">5<\/span>  Average: <span id=\"yasr-vv-average-container-8336d927047f2\">3.8<\/span>]<\/span><\/div><div id='yasr-vv-loader-8336d927047f2' class='yasr-vv-container-loader'><\/div><\/div><div id='yasr-vv-bottom-container-8336d927047f2' class='yasr-vv-bottom-container'><\/div><\/div><!--End Yasr Visitor Votes Shortcode-->\n<p>[\/et_pb_text][\/et_pb_column][\/et_pb_row][\/et_pb_section]<\/p>\n<div style='text-align:left' class='yasr-auto-insert-visitor'><!--Yasr Visitor Votes Shortcode--><div id='yasr_visitor_votes_466872d49f709' class='yasr-visitor-votes'><div class=\"yasr-custom-text-vv-before yasr-custom-text-vv-before-23397\">Click to rate this post!<\/div><div id='yasr-vv-second-row-container-466872d49f709'\r\n                                        class='yasr-vv-second-row-container'><div id='yasr-visitor-votes-rater-466872d49f709'\r\n                                      class='yasr-rater-stars-vv'\r\n                                      data-rater-postid='23397'\r\n                                      data-rating='3.8'\r\n                                      data-rater-starsize='32'\r\n                                      data-rater-readonly='false'\r\n                                      data-rater-nonce='8fcae86cad'\r\n                                      data-issingular='false'\r\n                                    ><\/div><div class=\"yasr-vv-stats-text-container\" id=\"yasr-vv-stats-text-container-466872d49f709\"><svg xmlns=\"https:\/\/www.w3.org\/2000\/svg\" width=\"20\" height=\"20\"\r\n                                   class=\"yasr-dashicons-visitor-stats\"\r\n                                   data-postid=\"23397\"\r\n                                   id=\"yasr-stats-dashicon-466872d49f709\">\r\n                                   <path d=\"M18 18v-16h-4v16h4zM12 18v-11h-4v11h4zM6 18v-8h-4v8h4z\"><\/path>\r\n                               <\/svg><span id=\"yasr-vv-text-container-466872d49f709\" class=\"yasr-vv-text-container\">[Total: <span id=\"yasr-vv-votes-number-container-466872d49f709\">5<\/span>  Average: <span id=\"yasr-vv-average-container-466872d49f709\">3.8<\/span>]<\/span><\/div><div id='yasr-vv-loader-466872d49f709' class='yasr-vv-container-loader'><\/div><\/div><div id='yasr-vv-bottom-container-466872d49f709' class='yasr-vv-bottom-container'><\/div><\/div><!--End Yasr Visitor Votes Shortcode--><\/div>","protected":false},"excerpt":{"rendered":"<p>Refaire son Cr\u00e9dit Une bonne cote de cr\u00e9dit peut vous faire \u00e9conomiser de l\u2019argentRefaire son Cr\u00e9dit avec Cash Depot!Mauvaise cote de cr\u00e9dit ? Condamn\u00e9 \u00e0 des taux d\u2019int\u00e9r\u00eat ultras \u00e9lev\u00e9s? Cash D\u00e9p\u00f4t vous aide \u00e0 refaire votre cr\u00e9dit.Pourquoi choisir Cash D\u00e9p\u00f4t? Pour refaire votre cr\u00e9dit rapidement et simplement. Sans frais initiaux. Sans frais cach\u00e9s. Sans [&hellip;]<\/p>\n","protected":false},"author":1,"featured_media":0,"parent":0,"menu_order":0,"comment_status":"closed","ping_status":"closed","template":"","meta":{"_et_pb_use_builder":"on","_et_pb_old_content":"","_et_gb_content_width":"","yasr_overall_rating":0,"yasr_post_is_review":"","yasr_auto_insert_disabled":"","yasr_review_type":"","footnotes":""},"yasr_visitor_votes":{"stars_attributes":{"read_only":false,"span_bottom":false},"number_of_votes":5,"sum_votes":19},"_links":{"self":[{"href":"https:\/\/mail.depositmycashnow.ca\/fr\/wp-json\/wp\/v2\/pages\/23397"}],"collection":[{"href":"https:\/\/mail.depositmycashnow.ca\/fr\/wp-json\/wp\/v2\/pages"}],"about":[{"href":"https:\/\/mail.depositmycashnow.ca\/fr\/wp-json\/wp\/v2\/types\/page"}],"author":[{"embeddable":true,"href":"https:\/\/mail.depositmycashnow.ca\/fr\/wp-json\/wp\/v2\/users\/1"}],"replies":[{"embeddable":true,"href":"https:\/\/mail.depositmycashnow.ca\/fr\/wp-json\/wp\/v2\/comments?post=23397"}],"version-history":[{"count":9,"href":"https:\/\/mail.depositmycashnow.ca\/fr\/wp-json\/wp\/v2\/pages\/23397\/revisions"}],"predecessor-version":[{"id":28821,"href":"https:\/\/mail.depositmycashnow.ca\/fr\/wp-json\/wp\/v2\/pages\/23397\/revisions\/28821"}],"wp:attachment":[{"href":"https:\/\/mail.depositmycashnow.ca\/fr\/wp-json\/wp\/v2\/media?parent=23397"}],"curies":[{"name":"wp","href":"https:\/\/api.w.org\/{rel}","templated":true}]}}