{"id":23372,"date":"2020-12-30T13:24:35","date_gmt":"2020-12-30T13:24:35","guid":{"rendered":"http:\/\/dev21.cash-depot.ca\/consolidation-de-dettes\/"},"modified":"2023-09-08T07:27:33","modified_gmt":"2023-09-08T07:27:33","slug":"consolidation-de-dettes","status":"publish","type":"page","link":"https:\/\/mail.depositmycashnow.ca\/fr\/consolidation-de-dettes\/","title":{"rendered":"Consolidation de dettes"},"content":{"rendered":"<p>[et_pb_section fb_built=&#8221;1&#8243; _builder_version=&#8221;4.16&#8243; _module_preset=&#8221;default&#8221; background_image=&#8221;http:\/\/dev21.cash-depot.ca\/wp-content\/uploads\/2020\/12\/debtcon.jpg&#8221; custom_padding=&#8221;100px||100px||true|false&#8221; global_colors_info=&#8221;{}&#8221;][et_pb_row _builder_version=&#8221;4.16&#8243; _module_preset=&#8221;default&#8221; global_colors_info=&#8221;{}&#8221;][et_pb_column type=&#8221;4_4&#8243; _builder_version=&#8221;4.16&#8243; _module_preset=&#8221;default&#8221; global_colors_info=&#8221;{}&#8221;][et_pb_text _builder_version=&#8221;4.16&#8243; _module_preset=&#8221;default&#8221; header_font=&#8221;Poppins||||||||&#8221; header_text_color=&#8221;#000000&#8243; header_font_size=&#8221;40px&#8221; header_line_height=&#8221;1.2em&#8221; header_3_text_color=&#8221;#000000&#8243; header_text_shadow_style=&#8221;preset3&#8243; header_text_shadow_color=&#8221;#ffffff&#8221; global_colors_info=&#8221;{}&#8221;]<\/p>\n<h1>Consolidation de dettes<\/h1>\n<h3><span class=\"subtitle\"><span>Un pr\u00eat pour consolider toutes vos dettes.<\/span><\/span><\/h3>\n<p>[\/et_pb_text][\/et_pb_column][\/et_pb_row][\/et_pb_section][et_pb_section fb_built=&#8221;1&#8243; _builder_version=&#8221;4.16&#8243; _module_preset=&#8221;default&#8221; background_color=&#8221;#333333&#8243; global_colors_info=&#8221;{}&#8221;][et_pb_row column_structure=&#8221;2_3,1_3&#8243; _builder_version=&#8221;4.16&#8243; _module_preset=&#8221;default&#8221; global_colors_info=&#8221;{}&#8221;][et_pb_column type=&#8221;2_3&#8243; _builder_version=&#8221;4.16&#8243; _module_preset=&#8221;default&#8221; global_colors_info=&#8221;{}&#8221;][et_pb_text _builder_version=&#8221;4.16&#8243; _module_preset=&#8221;default&#8221; text_font=&#8221;Poppins||||||||&#8221; text_text_color=&#8221;#ffffff&#8221; text_font_size=&#8221;26px&#8221; text_line_height=&#8221;1.3em&#8221; header_3_font=&#8221;|700|||||||&#8221; global_colors_info=&#8221;{}&#8221;]<\/p>\n<p>Vous croulez sous les dettes ? Vos cartes de cr\u00e9dit d\u00e9bordent ? Pas de soucis ! La consolidation de dettes est l\u00e0 pour vous. Et bien s\u00fbr, nous sommes l\u00e0, nous aussi.<\/p>\n<p>[\/et_pb_text][et_pb_button button_url=&#8221;https:\/\/dev21.cash-depot.ca\/fr\/demande-en-ligne\/&#8221; button_text=&#8221;POSTULER MAINTENANT&#8221; _builder_version=&#8221;4.16&#8243; _module_preset=&#8221;default&#8221; custom_button=&#8221;on&#8221; button_text_color=&#8221;#ffffff&#8221; button_bg_color=&#8221;#1e5502&#8243; button_border_width=&#8221;0px&#8221; global_colors_info=&#8221;{}&#8221;][\/et_pb_button][\/et_pb_column][et_pb_column type=&#8221;1_3&#8243; _builder_version=&#8221;4.16&#8243; _module_preset=&#8221;default&#8221; global_colors_info=&#8221;{}&#8221;][et_pb_text _builder_version=&#8221;4.16&#8243; _module_preset=&#8221;default&#8221; text_font=&#8221;Poppins||||||||&#8221; text_text_color=&#8221;#ffffff&#8221; header_3_font=&#8221;Poppins|700|||||||&#8221; header_3_text_color=&#8221;#ffffff&#8221; background_color=&#8221;#212121&#8243; custom_padding=&#8221;20px|20px|20px|20px|true|true&#8221; global_colors_info=&#8221;{}&#8221;]<\/p>\n<h3>Pourquoi choisir Cash D\u00e9p\u00f4t?<\/h3>\n<p>Pour faire votre demande en ligne en un clin d\u2019oeil, depuis le confort de votre chez-soi.<\/p>\n<p>Pour faire affaire uniquement avec des soci\u00e9t\u00e9s de cr\u00e9dit qui d\u00e9tiennent une licence du Bureau de la protection du consommateur.<\/p>\n<p>[\/et_pb_text][\/et_pb_column][\/et_pb_row][\/et_pb_section][et_pb_section fb_built=&#8221;1&#8243; _builder_version=&#8221;4.16&#8243; _module_preset=&#8221;default&#8221; custom_padding=&#8221;20px||20px||true|false&#8221; global_colors_info=&#8221;{}&#8221;][et_pb_row column_structure=&#8221;1_4,1_4,1_2&#8243; _builder_version=&#8221;4.16&#8243; _module_preset=&#8221;default&#8221; global_colors_info=&#8221;{}&#8221;][et_pb_column type=&#8221;1_4&#8243; _builder_version=&#8221;4.16&#8243; _module_preset=&#8221;default&#8221; global_colors_info=&#8221;{}&#8221;][et_pb_text _builder_version=&#8221;4.16&#8243; _module_preset=&#8221;default&#8221; header_3_font=&#8221;|700|||||||&#8221; global_colors_info=&#8221;{}&#8221;]<\/p>\n<h2><strong>Qu\u2019est-ce que la consolidation de dettes?<\/strong><\/h2>\n<p><span>La consolidation de dettes est une alternative \u00e0 la faillite personnelle<\/span>. Elle permet de r\u00e9duire vos dettes sans affecter votre dossier de cr\u00e9dit. <span style=\"font-weight: 400;\">Elle consiste \u00e0 utiliser un seul pr\u00eat d\u2019argent pour payer plusieurs dettes non garanties<\/span>.<\/p>\n<p>&nbsp;<\/p>\n<p>[\/et_pb_text][\/et_pb_column][et_pb_column type=&#8221;1_4&#8243; _builder_version=&#8221;4.16&#8243; _module_preset=&#8221;default&#8221; global_colors_info=&#8221;{}&#8221;][et_pb_text _builder_version=&#8221;4.16&#8243; _module_preset=&#8221;default&#8221; header_3_font=&#8221;|700|||||||&#8221; global_colors_info=&#8221;{}&#8221;]<\/p>\n<h2><strong>\u00c0 quoi sert la consolidation de dettes<\/strong><\/h2>\n<p>La consolidation est une solution aux soldes impay\u00e9s de cartes de cr\u00e9dit, aux factures en retard et autres paiements que vous ne pouvez pas r\u00e9gler. Elle vous offre un pr\u00eat pour payer toutes ces factures et vous laisse avec un seul paiement mensuel. Elle est id\u00e9ale pour ceux qui d\u00e9sirent une flexibilit\u00e9 dans la planification de leurs finances.<\/p>\n<p>[\/et_pb_text][\/et_pb_column][et_pb_column type=&#8221;1_2&#8243; _builder_version=&#8221;4.16&#8243; _module_preset=&#8221;default&#8221; global_colors_info=&#8221;{}&#8221;][et_pb_text _builder_version=&#8221;4.16&#8243; _module_preset=&#8221;default&#8221; header_3_font=&#8221;|700|||||||&#8221; global_colors_info=&#8221;{}&#8221;]<\/p>\n<h2><strong>Les avantages de la consolidation de dettes<\/strong><\/h2>\n<div class=\"spb_content_element col-sm-6 spb_text_column\">\n<div class=\"spb-asset-content\" style=\"margin-top: 0px; margin-bottom: 0px;\">\n<ul>\n<li>Diminution des divers paiements mensuels<\/li>\n<li>Un seul paiement mensuel \u00e0 consid\u00e9rer<\/li>\n<li>Remboursement de dettes plus rapide et plus simple<\/li>\n<li>\u00c9ligibilit\u00e9 \u00e0 des taux d\u2019int\u00e9r\u00eat plus faibles<\/li>\n<\/ul>\n<div class=\"spb_content_element col-sm-6 spb_text_column\">\n<div class=\"spb-asset-content\" style=\"margin-top: 0px; margin-bottom: 0px;\">\n<div class=\"wpb_text_column wpb_content_element \">\n<div class=\"wpb_wrapper\">\n<h3 id=\"makefont-k\">Les pratiques responsables de la consolidation de dettes<\/h3>\n<\/div>\n<\/div>\n<div class=\"wpb_text_column wpb_content_element \">\n<div class=\"wpb_wrapper\">\n<p>Cash D\u00e9p\u00f4t prend en compte la situation financi\u00e8re de l\u2019emprunteur pour d\u00e9terminer la pratique appropri\u00e9e. En cas de pr\u00eat en souffrance, des accords de remboursements sont pris. Si toutes les tentatives de recouvrement \u00e9chouent, une agence tierce s\u2019occupe du processus de recouvrement. Tous les frais juridiques sont assum\u00e9s par l\u2019emprunteur. Les dettes non recouvr\u00e9es feront l\u2019objet de poursuites en justice selon la loi en vigueur.<\/p>\n<\/div>\n<\/div>\n<\/div>\n<\/div>\n<\/div>\n<\/div>\n<p>[\/et_pb_text][\/et_pb_column][\/et_pb_row][et_pb_row _builder_version=&#8221;4.19.0&#8243; _module_preset=&#8221;default&#8221; global_colors_info=&#8221;{}&#8221;][et_pb_column type=&#8221;4_4&#8243; _builder_version=&#8221;4.19.0&#8243; _module_preset=&#8221;default&#8221; global_colors_info=&#8221;{}&#8221;][et_pb_code _builder_version=&#8221;4.19.0&#8243; _module_preset=&#8221;default&#8221; global_colors_info=&#8221;{}&#8221;]<script type=\"application\/ld+json\">{\"@context\":\"https:\/\/schema.org\",\"@type\":\"FAQPage\",\"mainEntity\":[{\"@type\":\"Question\",\"name\":\"Qu\u2019est-ce que la consolidation de dettes?\",\"acceptedAnswer\":{\"@type\":\"Answer\",\"text\":\"La consolidation de dettes est une alternative pr\u00e9f\u00e9rable \u00e0 la faillite personnelle. Elle permet de r\u00e9duire vos dettes sans affecter votre dossier de cr\u00e9dit. Elle consiste \u00e0 utiliser un seul pr\u00eat d\u2019argent pour payer deux dettes non garanties.\"}},{\"@type\":\"Question\",\"name\":\"\u00c0 quoi sert la consolidation de dettes?\",\"acceptedAnswer\":{\"@type\":\"Answer\",\"text\":\"La consolidation est une solution aux soldes impay\u00e9s de cartes de cr\u00e9dit, aux factures en retard et autres paiements que vous ne pouvez pas r\u00e9gler. Elle vous offre un pr\u00eat pour payer toutes ces factures et vous laisse avec un seul paiement mensuel. Elle est id\u00e9ale pour ceux qui d\u00e9sirent une flexibilit\u00e9 dans la planification de leurs finances.\"}},{\"@type\":\"Question\",\"name\":\"Quels sont les avantages de la consolidation de dettes\",\"acceptedAnswer\":{\"@type\":\"Answer\",\"text\":\"Diminution des divers paiements mensuels\\nUn seul paiement mensuel \u00e0 consid\u00e9rer\\nRemboursement de dettes plus rapide et plus simple\\n\u00c9ligibilit\u00e9 \u00e0 des taux d\u2019int\u00e9r\u00eat plus faibles\"}}]}<\/script>[\/et_pb_code][\/et_pb_column][\/et_pb_row][et_pb_row _builder_version=&#8221;4.16&#8243; _module_preset=&#8221;default&#8221; locked=&#8221;off&#8221; global_colors_info=&#8221;{}&#8221;][et_pb_column type=&#8221;4_4&#8243; _builder_version=&#8221;4.16&#8243; _module_preset=&#8221;default&#8221; global_colors_info=&#8221;{}&#8221;][et_pb_text _builder_version=&#8221;4.16&#8243; _module_preset=&#8221;default&#8221; global_colors_info=&#8221;{}&#8221;]<\/p>\n<!--Yasr Visitor Votes Shortcode--><div id='yasr_visitor_votes_52d9bf1ea7f76' class='yasr-visitor-votes'><div class=\"yasr-custom-text-vv-before yasr-custom-text-vv-before-23372\">Click to rate this post!<\/div><div id='yasr-vv-second-row-container-52d9bf1ea7f76'\r\n                                        class='yasr-vv-second-row-container'><div id='yasr-visitor-votes-rater-52d9bf1ea7f76'\r\n                                      class='yasr-rater-stars-vv'\r\n                                      data-rater-postid='23372'\r\n                                      data-rating='4.1'\r\n                                      data-rater-starsize='32'\r\n                                      data-rater-readonly='false'\r\n                                      data-rater-nonce='8fcae86cad'\r\n                                      data-issingular='false'\r\n                                    ><\/div><div class=\"yasr-vv-stats-text-container\" id=\"yasr-vv-stats-text-container-52d9bf1ea7f76\"><svg xmlns=\"https:\/\/www.w3.org\/2000\/svg\" width=\"20\" height=\"20\"\r\n                                   class=\"yasr-dashicons-visitor-stats\"\r\n                                   data-postid=\"23372\"\r\n                                   id=\"yasr-stats-dashicon-52d9bf1ea7f76\">\r\n                                   <path d=\"M18 18v-16h-4v16h4zM12 18v-11h-4v11h4zM6 18v-8h-4v8h4z\"><\/path>\r\n                               <\/svg><span id=\"yasr-vv-text-container-52d9bf1ea7f76\" class=\"yasr-vv-text-container\">[Total: <span id=\"yasr-vv-votes-number-container-52d9bf1ea7f76\">22<\/span>  Average: <span id=\"yasr-vv-average-container-52d9bf1ea7f76\">4.1<\/span>]<\/span><\/div><div id='yasr-vv-loader-52d9bf1ea7f76' class='yasr-vv-container-loader'><\/div><\/div><div id='yasr-vv-bottom-container-52d9bf1ea7f76' class='yasr-vv-bottom-container'><\/div><\/div><!--End Yasr Visitor Votes Shortcode-->\n<p>[\/et_pb_text][\/et_pb_column][\/et_pb_row][\/et_pb_section]<\/p>\n<div style='text-align:left' class='yasr-auto-insert-visitor'><!--Yasr Visitor Votes Shortcode--><div id='yasr_visitor_votes_4f923968d1f57' class='yasr-visitor-votes'><div class=\"yasr-custom-text-vv-before yasr-custom-text-vv-before-23372\">Click to rate this post!<\/div><div id='yasr-vv-second-row-container-4f923968d1f57'\r\n                                        class='yasr-vv-second-row-container'><div id='yasr-visitor-votes-rater-4f923968d1f57'\r\n                                      class='yasr-rater-stars-vv'\r\n                                      data-rater-postid='23372'\r\n                                      data-rating='4.1'\r\n                                      data-rater-starsize='32'\r\n                                      data-rater-readonly='false'\r\n                                      data-rater-nonce='8fcae86cad'\r\n                                      data-issingular='false'\r\n                                    ><\/div><div class=\"yasr-vv-stats-text-container\" id=\"yasr-vv-stats-text-container-4f923968d1f57\"><svg xmlns=\"https:\/\/www.w3.org\/2000\/svg\" width=\"20\" height=\"20\"\r\n                                   class=\"yasr-dashicons-visitor-stats\"\r\n                                   data-postid=\"23372\"\r\n                                   id=\"yasr-stats-dashicon-4f923968d1f57\">\r\n                                   <path d=\"M18 18v-16h-4v16h4zM12 18v-11h-4v11h4zM6 18v-8h-4v8h4z\"><\/path>\r\n                               <\/svg><span id=\"yasr-vv-text-container-4f923968d1f57\" class=\"yasr-vv-text-container\">[Total: <span id=\"yasr-vv-votes-number-container-4f923968d1f57\">22<\/span>  Average: <span id=\"yasr-vv-average-container-4f923968d1f57\">4.1<\/span>]<\/span><\/div><div id='yasr-vv-loader-4f923968d1f57' class='yasr-vv-container-loader'><\/div><\/div><div id='yasr-vv-bottom-container-4f923968d1f57' class='yasr-vv-bottom-container'><\/div><\/div><!--End Yasr Visitor Votes Shortcode--><\/div>","protected":false},"excerpt":{"rendered":"<p>Consolidation de dettes Un pr\u00eat pour consolider toutes vos dettes.Vous croulez sous les dettes ? Vos cartes de cr\u00e9dit d\u00e9bordent ? Pas de soucis ! La consolidation de dettes est l\u00e0 pour vous. Et bien s\u00fbr, nous sommes l\u00e0, nous aussi.Pourquoi choisir Cash D\u00e9p\u00f4t? Pour faire votre demande en ligne en un clin d\u2019oeil, depuis [&hellip;]<\/p>\n","protected":false},"author":1,"featured_media":0,"parent":0,"menu_order":0,"comment_status":"closed","ping_status":"closed","template":"","meta":{"_et_pb_use_builder":"on","_et_pb_old_content":"","_et_gb_content_width":"","yasr_overall_rating":0,"yasr_post_is_review":"","yasr_auto_insert_disabled":"","yasr_review_type":"","footnotes":""},"yasr_visitor_votes":{"stars_attributes":{"read_only":false,"span_bottom":false},"number_of_votes":22,"sum_votes":90},"_links":{"self":[{"href":"https:\/\/mail.depositmycashnow.ca\/fr\/wp-json\/wp\/v2\/pages\/23372"}],"collection":[{"href":"https:\/\/mail.depositmycashnow.ca\/fr\/wp-json\/wp\/v2\/pages"}],"about":[{"href":"https:\/\/mail.depositmycashnow.ca\/fr\/wp-json\/wp\/v2\/types\/page"}],"author":[{"embeddable":true,"href":"https:\/\/mail.depositmycashnow.ca\/fr\/wp-json\/wp\/v2\/users\/1"}],"replies":[{"embeddable":true,"href":"https:\/\/mail.depositmycashnow.ca\/fr\/wp-json\/wp\/v2\/comments?post=23372"}],"version-history":[{"count":9,"href":"https:\/\/mail.depositmycashnow.ca\/fr\/wp-json\/wp\/v2\/pages\/23372\/revisions"}],"predecessor-version":[{"id":28816,"href":"https:\/\/mail.depositmycashnow.ca\/fr\/wp-json\/wp\/v2\/pages\/23372\/revisions\/28816"}],"wp:attachment":[{"href":"https:\/\/mail.depositmycashnow.ca\/fr\/wp-json\/wp\/v2\/media?parent=23372"}],"curies":[{"name":"wp","href":"https:\/\/api.w.org\/{rel}","templated":true}]}}