{"id":23363,"date":"2020-12-30T13:10:11","date_gmt":"2020-12-30T13:10:11","guid":{"rendered":"http:\/\/dev21.cash-depot.ca\/avance-de-fonds\/"},"modified":"2020-12-30T18:45:58","modified_gmt":"2020-12-30T18:45:58","slug":"avance-de-fonds","status":"publish","type":"page","link":"https:\/\/mail.depositmycashnow.ca\/fr\/avance-de-fonds\/","title":{"rendered":"Avance de Fonds"},"content":{"rendered":"<p>[et_pb_section fb_built=&#8221;1&#8243; _builder_version=&#8221;4.7.7&#8243; _module_preset=&#8221;default&#8221; background_image=&#8221;http:\/\/dev21.cash-depot.ca\/wp-content\/uploads\/2020\/12\/cashapproved.jpg&#8221; custom_padding=&#8221;100px||100px||true|false&#8221;][et_pb_row _builder_version=&#8221;4.7.7&#8243; _module_preset=&#8221;default&#8221;][et_pb_column type=&#8221;4_4&#8243; _builder_version=&#8221;4.7.7&#8243; _module_preset=&#8221;default&#8221;][et_pb_text _builder_version=&#8221;4.7.7&#8243; _module_preset=&#8221;default&#8221; header_font=&#8221;Poppins||||||||&#8221; header_text_color=&#8221;#000000&#8243; header_font_size=&#8221;40px&#8221; header_line_height=&#8221;1.2em&#8221; header_text_shadow_style=&#8221;preset3&#8243; header_text_shadow_color=&#8221;#ffffff&#8221;]<\/p>\n<h1>Avance de Fonds<\/h1>\n<h2>D\u00e9pense urgente ? <br \/>Recevez de 300$ \u00e0 3000$ aujourd\u2019hui<\/h2>\n<p>[\/et_pb_text][\/et_pb_column][\/et_pb_row][\/et_pb_section][et_pb_section fb_built=&#8221;1&#8243; _builder_version=&#8221;4.7.7&#8243; _module_preset=&#8221;default&#8221; background_color=&#8221;#333333&#8243;][et_pb_row column_structure=&#8221;2_3,1_3&#8243; _builder_version=&#8221;4.7.7&#8243; _module_preset=&#8221;default&#8221;][et_pb_column type=&#8221;2_3&#8243; _builder_version=&#8221;4.7.7&#8243; _module_preset=&#8221;default&#8221;][et_pb_text _builder_version=&#8221;4.7.7&#8243; _module_preset=&#8221;default&#8221; text_font=&#8221;Poppins||||||||&#8221; text_text_color=&#8221;#ffffff&#8221; text_font_size=&#8221;26px&#8221; text_line_height=&#8221;1.3em&#8221; header_3_font=&#8221;|700|||||||&#8221;]<\/p>\n<p>Oubliez les files d\u2019attente \u00e0 la banque et les d\u00e9lais d\u00e9mesur\u00e9s pour obtenir votre pr\u00eat. Faites votre demande en ligne pour une avance de fonds, et recevez votre pr\u00eat le jour m\u00eame.<\/p>\n<p>[\/et_pb_text][\/et_pb_column][et_pb_column type=&#8221;1_3&#8243; _builder_version=&#8221;4.7.7&#8243; _module_preset=&#8221;default&#8221;][et_pb_text _builder_version=&#8221;4.7.7&#8243; _module_preset=&#8221;default&#8221; text_font=&#8221;Poppins||||||||&#8221; text_text_color=&#8221;#ffffff&#8221; header_3_font=&#8221;Poppins|700|||||||&#8221; header_3_text_color=&#8221;#ffffff&#8221; background_color=&#8221;#212121&#8243; custom_padding=&#8221;20px|20px|20px|20px|true|true&#8221;]<\/p>\n<h3>Pourquoi choisir Cash Dep\u00f4t?<\/h3>\n<p>1. Limite de pr\u00eat plus \u00e9lev\u00e9e que la comp\u00e9tition<br \/>2. Service rapide, s\u00e9curitaire et confidentiel<\/p>\n<p>[\/et_pb_text][\/et_pb_column][\/et_pb_row][\/et_pb_section][et_pb_section fb_built=&#8221;1&#8243; _builder_version=&#8221;4.7.7&#8243; _module_preset=&#8221;default&#8221; custom_padding=&#8221;20px||20px||true|false&#8221;][et_pb_row column_structure=&#8221;1_2,1_2&#8243; _builder_version=&#8221;4.7.7&#8243; _module_preset=&#8221;default&#8221;][et_pb_column type=&#8221;1_2&#8243; _builder_version=&#8221;4.7.7&#8243; _module_preset=&#8221;default&#8221;][et_pb_text _builder_version=&#8221;4.7.7&#8243; _module_preset=&#8221;default&#8221; header_3_font=&#8221;|700|||||||&#8221;]<\/p>\n<h3>UN SERVICE RAPIDE<\/h3>\n<p>On conna\u00eet la chanson. Des d\u00e9penses inattendues surgissent de nulle part. L\u2019argent vous manque. Vous r\u00e9clamez la banque pour un pr\u00eat derni\u00e8re minute. On vous dit que votre demande de pr\u00eat sera \u00ab trait\u00e9e \u00bb dans les 15 jours. Vous manquez de temps. En r\u00e9alit\u00e9, vous avez besoin de l\u2019argent aujourd\u2019hui.<\/p>\n<p>Pas de panique. Avec Cash D\u00e9p\u00f4t, vous recevez vos fonds en 24h. Faites votre demande et on vous contacte imm\u00e9diatement. Aussi simple et rapide que \u00e7a.<\/p>\n<p>&nbsp;<\/p>\n<p>[\/et_pb_text][\/et_pb_column][et_pb_column type=&#8221;1_2&#8243; _builder_version=&#8221;4.7.7&#8243; _module_preset=&#8221;default&#8221;][et_pb_text _builder_version=&#8221;4.7.7&#8243; _module_preset=&#8221;default&#8221; header_3_font=&#8221;|700|||||||&#8221;]<\/p>\n<h3>UNE OFFRE PERSONNALIS\u00c9E<\/h3>\n<p>Chez Cash D\u00e9p\u00f4t, on sait qu\u2019une avance de fonds de 1000$ ne suffit pas. C\u2019est pourquoi nous offrons des limites de cr\u00e9dit plus \u00e9lev\u00e9es, allant de 300$ \u00e0 1500$, qui sont disponible d\u00e8s votre premier pr\u00eat avec nous. Faites-nous savoir le montant que vous avez besoin, et obtenez-le dans les heures qui suivent.<\/p>\n<p>[\/et_pb_text][\/et_pb_column][\/et_pb_row][\/et_pb_section][et_pb_section fb_built=&#8221;1&#8243; _builder_version=&#8221;4.7.7&#8243; _module_preset=&#8221;default&#8221; background_color=&#8221;#efefef&#8221;][et_pb_row _builder_version=&#8221;4.7.7&#8243; _module_preset=&#8221;default&#8221; hover_enabled=&#8221;0&#8243; column_structure=&#8221;1_2,1_2&#8243; sticky_enabled=&#8221;0&#8243;][et_pb_column type=&#8221;1_2&#8243; _builder_version=&#8221;4.7.7&#8243; _module_preset=&#8221;default&#8221;][et_pb_text _builder_version=&#8221;4.7.7&#8243; _module_preset=&#8221;default&#8221; header_3_font=&#8221;|700|||||||&#8221; hover_enabled=&#8221;0&#8243; sticky_enabled=&#8221;0&#8243;]<\/p>\n<section class=\"row \">\n<div class=\"spb_content_element col-sm-12 spb_text_column\">\n<div class=\"spb-asset-content\" style=\"margin-top: 0px; margin-bottom: 0px;\">\n<h3 class=\"impact-text\" style=\"text-align: left;\">POURQUOI CHOISIR CASH DEP\u00d4T?<\/h3>\n<p style=\"text-align: left;\">\n<\/div>\n<\/div>\n<\/section>\n<section class=\"row \">\n<div class=\"spb_content_element col-sm-12 spb_text_column\">\n<div class=\"spb-asset-content\" style=\"margin-top: 0px; margin-bottom: 0px;\">\n<div class=\"wpb_text_column wpb_content_element \">\n<div class=\"wpb_wrapper\">\n<p style=\"text-align: left;\"><strong>Cash D\u00e9p\u00f4t croit qu\u2019obtenir une avance d\u2019argent ne devrait pas \u00eatre long, et encore moins compliqu\u00e9<\/strong><\/p>\n<\/div>\n<\/div>\n<\/div>\n<\/div>\n<\/section>\n<p>[\/et_pb_text][\/et_pb_column][et_pb_column type=&#8221;1_2&#8243; _builder_version=&#8221;4.7.7&#8243; _module_preset=&#8221;default&#8221;][et_pb_text _builder_version=&#8221;4.7.7&#8243; _module_preset=&#8221;default&#8221; header_3_font=&#8221;|700|||||||&#8221; hover_enabled=&#8221;0&#8243; sticky_enabled=&#8221;0&#8243;]<\/p>\n<section class=\"row \">\n<div class=\"spb_content_element col-sm-12 spb_text_column\">\n<div class=\"spb-asset-content\" style=\"margin-top: 0px; margin-bottom: 0px;\"><\/div>\n<\/div>\n<\/section>\n<section class=\"row \">\n<div class=\"spb_content_element col-sm-12 spb_text_column\">\n<div class=\"spb-asset-content\" style=\"margin-top: 0px; margin-bottom: 0px;\">\n<div class=\"wpb_text_column wpb_content_element \">\n<div class=\"wpb_wrapper\">\n<p style=\"text-align: left;\"><strong>On vous offre:<\/strong><\/p>\n<ul>\n<li style=\"text-align: left;\">Versement d\u2019argent le jour m\u00eame<\/li>\n<li style=\"text-align: left;\">Pr\u00eats \u00e0 court terme<\/li>\n<li style=\"text-align: left;\">Approbation imm\u00e9diate<\/li>\n<li style=\"text-align: left;\">Pas de frais initiaux<\/li>\n<li style=\"text-align: left;\">Pas de v\u00e9rification de cr\u00e9dit<\/li>\n<li style=\"text-align: left;\">Des courtiers exp\u00e9riment\u00e9s qui ont trait\u00e9 des centaines de cas comme le v\u00f4tre.<\/li>\n<li style=\"text-align: left;\">Processus simple et efficace<\/li>\n<li style=\"text-align: left;\">Acc\u00e8s \u00e0 un vaste r\u00e9seau de pr\u00eateurs<\/li>\n<li style=\"text-align: left;\">Rapide, s\u00e9curitaire, et confidentiel !<\/li>\n<li style=\"text-align: left;\">Satisfaction garantie !<\/li>\n<\/ul>\n<\/div>\n<\/div>\n<\/div>\n<\/div>\n<\/section>\n<p>[\/et_pb_text][\/et_pb_column][\/et_pb_row][\/et_pb_section][et_pb_section fb_built=&#8221;1&#8243; _builder_version=&#8221;4.7.7&#8243; _module_preset=&#8221;default&#8221;][et_pb_row _builder_version=&#8221;4.7.7&#8243; _module_preset=&#8221;default&#8221;][et_pb_column type=&#8221;4_4&#8243; _builder_version=&#8221;4.7.7&#8243; _module_preset=&#8221;default&#8221;][et_pb_text _builder_version=&#8221;4.7.7&#8243; _module_preset=&#8221;default&#8221; text_font=&#8221;Poppins||||||||&#8221; text_font_size=&#8221;34px&#8221;]<\/p>\n<p style=\"text-align: center;\"><span style=\"color: #008000;\">Voici Ce Que Vous Obtenez:<\/span><\/p>\n<p>[\/et_pb_text][\/et_pb_column][\/et_pb_row][et_pb_row column_structure=&#8221;1_4,1_4,1_4,1_4&#8243; _builder_version=&#8221;4.7.7&#8243; _module_preset=&#8221;default&#8221;][et_pb_column type=&#8221;1_4&#8243; _builder_version=&#8221;4.7.7&#8243; _module_preset=&#8221;default&#8221;][et_pb_blurb use_icon=&#8221;on&#8221; font_icon=&#8221;%%74%%&#8221; use_icon_font_size=&#8221;on&#8221; icon_font_size=&#8221;67px&#8221; _builder_version=&#8221;4.7.7&#8243; _module_preset=&#8221;default&#8221;]<\/p>\n<h3 style=\"text-align: center;\"><span style=\"color: #008000;\">Un processus de demande en trois \u00e9tapes que vous pouvez terminer en quelques minutes<\/span><\/h3>\n<p>[\/et_pb_blurb][\/et_pb_column][et_pb_column type=&#8221;1_4&#8243; _builder_version=&#8221;4.7.7&#8243; _module_preset=&#8221;default&#8221;][et_pb_blurb use_icon=&#8221;on&#8221; font_icon=&#8221;%%45%%&#8221; use_icon_font_size=&#8221;on&#8221; icon_font_size=&#8221;67px&#8221; _builder_version=&#8221;4.7.7&#8243; _module_preset=&#8221;default&#8221;]<\/p>\n<h3 style=\"text-align: center;\"><span style=\"color: #008000;\">Une approbation imm\u00e9diate<\/span><\/h3>\n<h3 style=\"text-align: center;\"><span style=\"color: #008000;\">\u00a0<\/span><\/h3>\n<p>[\/et_pb_blurb][\/et_pb_column][et_pb_column type=&#8221;1_4&#8243; _builder_version=&#8221;4.7.7&#8243; _module_preset=&#8221;default&#8221;][et_pb_blurb use_icon=&#8221;on&#8221; font_icon=&#8221;%%113%%&#8221; use_icon_font_size=&#8221;on&#8221; icon_font_size=&#8221;67px&#8221; _builder_version=&#8221;4.7.7&#8243; _module_preset=&#8221;default&#8221;]<\/p>\n<h3 style=\"text-align: center;\"><span style=\"color: #008000;\">Mauvais cr\u00e9dit accept\u00e9<\/span><\/h3>\n<h3 style=\"text-align: center;\"><span style=\"color: #008000;\">\u00a0<\/span><\/h3>\n<p>[\/et_pb_blurb][\/et_pb_column][et_pb_column type=&#8221;1_4&#8243; _builder_version=&#8221;4.7.7&#8243; _module_preset=&#8221;default&#8221;][et_pb_blurb use_icon=&#8221;on&#8221; font_icon=&#8221;%%93%%&#8221; use_icon_font_size=&#8221;on&#8221; icon_font_size=&#8221;67px&#8221; _builder_version=&#8221;4.7.7&#8243; _module_preset=&#8221;default&#8221;]<\/p>\n<h3 style=\"text-align: center;\"><span style=\"color: #008000;\">100 % s\u00e9curis\u00e9<\/span><\/h3>\n<h3 style=\"text-align: center;\"><span style=\"color: #008000;\">\u00a0<\/span><\/h3>\n<p>[\/et_pb_blurb][\/et_pb_column][\/et_pb_row][\/et_pb_section][et_pb_section fb_built=&#8221;1&#8243; _builder_version=&#8221;4.7.7&#8243; _module_preset=&#8221;default&#8221; background_color=&#8221;#eaeaea&#8221;][et_pb_row column_structure=&#8221;1_2,1_2&#8243; _builder_version=&#8221;4.7.7&#8243; _module_preset=&#8221;default&#8221;][et_pb_column type=&#8221;1_2&#8243; _builder_version=&#8221;4.7.7&#8243; _module_preset=&#8221;default&#8221;][et_pb_text _builder_version=&#8221;4.7.7&#8243; _module_preset=&#8221;default&#8221;]<\/p>\n<p style=\"text-align: left;\"><strong>Bien que l\u2019obtention d\u2019une avance d\u2019argent soit plus facile que celle d\u2019un pr\u00eat bancaire, nous demandons tout de m\u00eame que nos clients remplissent les crit\u00e8res suivants :<\/strong><\/p>\n<p style=\"text-align: left;\"><strong><\/strong><\/p>\n<ul style=\"text-align: left;\">\n<li>nous fournir un compte ch\u00e8que valide depuis au moins 3 mois<\/li>\n<li>avoir un travail \u00e0 temps plein depuis au moins 6 mois<\/li>\n<li>r\u00e9sider \u00e0 la m\u00eame adresse depuis au moins 6 mois<\/li>\n<li>\u00eatre pay\u00e9 par ch\u00e8que ou par d\u00e9p\u00f4t direct<\/li>\n<li>ne pas \u00eatre en faillite ou ne pas faire l\u2019objet de saisie sur salaire.<\/li>\n<\/ul>\n<section class=\"row \">\n<div class=\"spb_content_element col-sm-12 spb_text_column\">\n<div class=\"spb-asset-content\" style=\"margin-top: 0px; margin-bottom: 0px;\">\n<div id=\"ui-accordion-1-panel-1\" class=\"accordion_content no_icon ui-accordion-content ui-helper-reset ui-widget-content ui-corner-bottom ui-accordion-content-active\">\n<div class=\"accordion_content_inner\">\n<div class=\"wpb_text_column wpb_content_element \">\n<div class=\"wpb_wrapper\" style=\"text-align: left;\">Nous pouvons fournir des avances d\u2019argent allant de 300 $ \u00e0 1500 $<\/div>\n<\/div>\n<\/div>\n<\/div>\n<\/div>\n<\/div>\n<\/section>\n<p>[\/et_pb_text][\/et_pb_column][et_pb_column type=&#8221;1_2&#8243; _builder_version=&#8221;4.7.7&#8243; _module_preset=&#8221;default&#8221;][et_pb_text _builder_version=&#8221;4.7.7&#8243; _module_preset=&#8221;default&#8221;]<\/p>\n<p><strong>Quand me contacterez-vous ?<\/strong><\/p>\n<p>Apr\u00e8s la soumission de votre demande en ligne, un membre de notre \u00e9quipe vous contactera par t\u00e9l\u00e9phone ou par courriel.<\/p>\n<p>Nous sommes ouverts du lundi au vendredi, de 10h \u00e0 18h (EST).<\/p>\n<p>Pour toute demande compl\u00e9t\u00e9e avant 11h(EST), les fonds seront vers\u00e9s le jour m\u00eame.<\/p>\n<p>Pour toute demande compl\u00e9t\u00e9e apr\u00e8s 11h (EST), les fonds vous seront vers\u00e9s dans les 24h.<\/p>\n<p>Pour toute demande effectu\u00e9e hors de nos heures d\u2019ouverture, nous vous contacterons \u00e0 la premi\u00e8re heure du jour ouvr\u00e9 suivant.<\/p>\n<p>[\/et_pb_text][\/et_pb_column][\/et_pb_row][et_pb_row _builder_version=&#8221;4.7.7&#8243; _module_preset=&#8221;default&#8221; locked=&#8221;off&#8221;][et_pb_column type=&#8221;4_4&#8243; _builder_version=&#8221;4.7.7&#8243; _module_preset=&#8221;default&#8221;][et_pb_text _builder_version=&#8221;4.7.7&#8243; _module_preset=&#8221;default&#8221;]<\/p>\n<!--Yasr Visitor Votes Shortcode--><div id='yasr_visitor_votes_929ad7cff6232' class='yasr-visitor-votes'><div class=\"yasr-custom-text-vv-before yasr-custom-text-vv-before-23363\">Click to rate this post!<\/div><div id='yasr-vv-second-row-container-929ad7cff6232'\r\n                                        class='yasr-vv-second-row-container'><div id='yasr-visitor-votes-rater-929ad7cff6232'\r\n                                      class='yasr-rater-stars-vv'\r\n                                      data-rater-postid='23363'\r\n                                      data-rating='3.7'\r\n                                      data-rater-starsize='32'\r\n                                      data-rater-readonly='false'\r\n                                      data-rater-nonce='8fcae86cad'\r\n                                      data-issingular='false'\r\n                                    ><\/div><div class=\"yasr-vv-stats-text-container\" id=\"yasr-vv-stats-text-container-929ad7cff6232\"><svg xmlns=\"https:\/\/www.w3.org\/2000\/svg\" width=\"20\" height=\"20\"\r\n                                   class=\"yasr-dashicons-visitor-stats\"\r\n                                   data-postid=\"23363\"\r\n                                   id=\"yasr-stats-dashicon-929ad7cff6232\">\r\n                                   <path d=\"M18 18v-16h-4v16h4zM12 18v-11h-4v11h4zM6 18v-8h-4v8h4z\"><\/path>\r\n                               <\/svg><span id=\"yasr-vv-text-container-929ad7cff6232\" class=\"yasr-vv-text-container\">[Total: <span id=\"yasr-vv-votes-number-container-929ad7cff6232\">22<\/span>  Average: <span id=\"yasr-vv-average-container-929ad7cff6232\">3.7<\/span>]<\/span><\/div><div id='yasr-vv-loader-929ad7cff6232' class='yasr-vv-container-loader'><\/div><\/div><div id='yasr-vv-bottom-container-929ad7cff6232' class='yasr-vv-bottom-container'><\/div><\/div><!--End Yasr Visitor Votes Shortcode-->\n<p>[\/et_pb_text][\/et_pb_column][\/et_pb_row][\/et_pb_section]<\/p>\n<div style='text-align:left' class='yasr-auto-insert-visitor'><!--Yasr Visitor Votes Shortcode--><div id='yasr_visitor_votes_2fd99673fc9ef' class='yasr-visitor-votes'><div class=\"yasr-custom-text-vv-before yasr-custom-text-vv-before-23363\">Click to rate this post!<\/div><div id='yasr-vv-second-row-container-2fd99673fc9ef'\r\n                                        class='yasr-vv-second-row-container'><div id='yasr-visitor-votes-rater-2fd99673fc9ef'\r\n                                      class='yasr-rater-stars-vv'\r\n                                      data-rater-postid='23363'\r\n                                      data-rating='3.7'\r\n                                      data-rater-starsize='32'\r\n                                      data-rater-readonly='false'\r\n                                      data-rater-nonce='8fcae86cad'\r\n                                      data-issingular='false'\r\n                                    ><\/div><div class=\"yasr-vv-stats-text-container\" id=\"yasr-vv-stats-text-container-2fd99673fc9ef\"><svg xmlns=\"https:\/\/www.w3.org\/2000\/svg\" width=\"20\" height=\"20\"\r\n                                   class=\"yasr-dashicons-visitor-stats\"\r\n                                   data-postid=\"23363\"\r\n                                   id=\"yasr-stats-dashicon-2fd99673fc9ef\">\r\n                                   <path d=\"M18 18v-16h-4v16h4zM12 18v-11h-4v11h4zM6 18v-8h-4v8h4z\"><\/path>\r\n                               <\/svg><span id=\"yasr-vv-text-container-2fd99673fc9ef\" class=\"yasr-vv-text-container\">[Total: <span id=\"yasr-vv-votes-number-container-2fd99673fc9ef\">22<\/span>  Average: <span id=\"yasr-vv-average-container-2fd99673fc9ef\">3.7<\/span>]<\/span><\/div><div id='yasr-vv-loader-2fd99673fc9ef' class='yasr-vv-container-loader'><\/div><\/div><div id='yasr-vv-bottom-container-2fd99673fc9ef' class='yasr-vv-bottom-container'><\/div><\/div><!--End Yasr Visitor Votes Shortcode--><\/div>","protected":false},"excerpt":{"rendered":"<p>Avance de Fonds D\u00e9pense urgente ? Recevez de 300$ \u00e0 3000$ aujourd\u2019huiOubliez les files d\u2019attente \u00e0 la banque et les d\u00e9lais d\u00e9mesur\u00e9s pour obtenir votre pr\u00eat. Faites votre demande en ligne pour une avance de fonds, et recevez votre pr\u00eat le jour m\u00eame.Pourquoi choisir Cash Dep\u00f4t? 1. Limite de pr\u00eat plus \u00e9lev\u00e9e que la comp\u00e9tition2. [&hellip;]<\/p>\n","protected":false},"author":1,"featured_media":0,"parent":0,"menu_order":0,"comment_status":"closed","ping_status":"closed","template":"","meta":{"_et_pb_use_builder":"on","_et_pb_old_content":"","_et_gb_content_width":"","yasr_overall_rating":0,"yasr_post_is_review":"","yasr_auto_insert_disabled":"","yasr_review_type":"","footnotes":""},"yasr_visitor_votes":{"stars_attributes":{"read_only":false,"span_bottom":false},"number_of_votes":22,"sum_votes":81},"_links":{"self":[{"href":"https:\/\/mail.depositmycashnow.ca\/fr\/wp-json\/wp\/v2\/pages\/23363"}],"collection":[{"href":"https:\/\/mail.depositmycashnow.ca\/fr\/wp-json\/wp\/v2\/pages"}],"about":[{"href":"https:\/\/mail.depositmycashnow.ca\/fr\/wp-json\/wp\/v2\/types\/page"}],"author":[{"embeddable":true,"href":"https:\/\/mail.depositmycashnow.ca\/fr\/wp-json\/wp\/v2\/users\/1"}],"replies":[{"embeddable":true,"href":"https:\/\/mail.depositmycashnow.ca\/fr\/wp-json\/wp\/v2\/comments?post=23363"}],"version-history":[{"count":8,"href":"https:\/\/mail.depositmycashnow.ca\/fr\/wp-json\/wp\/v2\/pages\/23363\/revisions"}],"predecessor-version":[{"id":23593,"href":"https:\/\/mail.depositmycashnow.ca\/fr\/wp-json\/wp\/v2\/pages\/23363\/revisions\/23593"}],"wp:attachment":[{"href":"https:\/\/mail.depositmycashnow.ca\/fr\/wp-json\/wp\/v2\/media?parent=23363"}],"curies":[{"name":"wp","href":"https:\/\/api.w.org\/{rel}","templated":true}]}}