{"id":23303,"date":"2020-12-29T22:05:25","date_gmt":"2020-12-29T22:05:25","guid":{"rendered":"http:\/\/dev21.cash-depot.ca\/a-propos\/"},"modified":"2021-08-10T21:31:54","modified_gmt":"2021-08-10T21:31:54","slug":"a-propos","status":"publish","type":"page","link":"https:\/\/mail.depositmycashnow.ca\/fr\/a-propos\/","title":{"rendered":"\u00c0 Propos"},"content":{"rendered":"<p>[et_pb_section fb_built=&#8221;1&#8243; _builder_version=&#8221;4.7.7&#8243; _module_preset=&#8221;default&#8221; background_image=&#8221;http:\/\/dev21.cash-depot.ca\/wp-content\/uploads\/2020\/12\/cashdepot-agents.jpg&#8221; custom_padding=&#8221;150px||150px||true|false&#8221;][et_pb_row _builder_version=&#8221;4.9.7&#8243; _module_preset=&#8221;default&#8221;][et_pb_column _builder_version=&#8221;4.9.7&#8243; _module_preset=&#8221;default&#8221; type=&#8221;4_4&#8243;][et_pb_text _builder_version=&#8221;4.9.7&#8243; _module_preset=&#8221;default&#8221; text_font=&#8221;Poppins||||||||&#8221; text_text_color=&#8221;#0a0a0a&#8221; text_font_size=&#8221;40px&#8221; text_line_height=&#8221;1.2em&#8221; text_text_shadow_style=&#8221;preset3&#8243; text_text_shadow_blur_strength=&#8221;0.5em&#8221; text_text_shadow_color=&#8221;#FFFFFF&#8221; hover_enabled=&#8221;0&#8243; sticky_enabled=&#8221;0&#8243;]<\/p>\n<p><span>\u00c0 Propos<\/span><\/p>\n<p>[\/et_pb_text][\/et_pb_column][\/et_pb_row][\/et_pb_section][et_pb_section fb_built=&#8221;1&#8243; _builder_version=&#8221;4.7.7&#8243; _module_preset=&#8221;default&#8221;][et_pb_row column_structure=&#8221;1_4,1_4,1_4,1_4&#8243; _builder_version=&#8221;4.7.7&#8243; _module_preset=&#8221;default&#8221;][et_pb_column type=&#8221;1_4&#8243; _builder_version=&#8221;4.7.7&#8243; _module_preset=&#8221;default&#8221;][et_pb_text _builder_version=&#8221;4.7.7&#8243; _module_preset=&#8221;default&#8221; header_3_font=&#8221;Poppins||||||||&#8221; header_3_font_size=&#8221;25px&#8221;]<\/p>\n<h3 class=\"impact-text\">Qui sommes-nous?<\/h3>\n<p>Nous sommes, comme vous, de vraies personnes avec de v\u00e9ritables soucis. Nous avons rencontr\u00e9 les m\u00eames difficult\u00e9s que vous rencontrez aujourd\u2019hui. Payer les factures, les p\u00e9nalit\u00e9s de retard et les d\u00e9penses d\u2019urgence n\u2019est pas toujours facile. Nous connaissons ce sentiment de d\u00e9ception quand toutes les portes se referment devant nous. C\u2019est pourquoi, il y a 12 ans, nous nous sommes lanc\u00e9s dans le secteur de pr\u00eat financier. Notre seul et unique objectif est d\u2019aider les personnes comme vous \u00e0 obtenir de l\u2019aide financi\u00e8re quand elles en ont besoin. Sans soucis. Sans processus compliqu\u00e9. Sans stress.<\/p>\n<p>[\/et_pb_text][\/et_pb_column][et_pb_column type=&#8221;1_4&#8243; _builder_version=&#8221;4.7.7&#8243; _module_preset=&#8221;default&#8221;][et_pb_text _builder_version=&#8221;4.7.7&#8243; _module_preset=&#8221;default&#8221; header_3_font=&#8221;Poppins||||||||&#8221; header_3_font_size=&#8221;25px&#8221;]<\/p>\n<h3 class=\"impact-text\">Ce que nous faisons<\/h3>\n<p>Cash D\u00e9p\u00f4t offre des avances de fonds, des pr\u00eats sur salaire, des pr\u00eats sans enqu\u00eate de cr\u00e9dit, un service de consolidation de dettes ainsi que des pr\u00eats pour mauvais cr\u00e9dits. Toutes nos demandes conformes sont approuv\u00e9es instantan\u00e9ment. Nous pouvons \u00e9galement vous aider \u00e0 refaire votre cr\u00e9dit en toute s\u00e9curit\u00e9 gr\u00e2ce \u00e0 des cartes de cr\u00e9dit s\u00e9curis\u00e9es. Nous collaborons uniquement avec des fournisseurs qui satisfont les normes du Bureau de la protection du consommateur. Tous nos pr\u00eats sont 100 % garantis et s\u00e9curis\u00e9s. Nous ne facturons jamais de frais initiaux, et nous ne le ferons jamais.<\/p>\n<p>[\/et_pb_text][\/et_pb_column][et_pb_column type=&#8221;1_4&#8243; _builder_version=&#8221;4.7.7&#8243; _module_preset=&#8221;default&#8221;][et_pb_text _builder_version=&#8221;4.7.7&#8243; _module_preset=&#8221;default&#8221; header_3_font=&#8221;Poppins||||||||&#8221; header_3_font_size=&#8221;25px&#8221;]<\/p>\n<h3 class=\"impact-text\">Notre mission<\/h3>\n<p>Nous voulons aider les gens \u00e0 en finir avec leurs dettes. Nous offrons des pr\u00eats \u00e0 court terme rapides et simples. Nous avons pour ambition de devenir le principal fournisseur d\u2019avances d\u2019argent au Canada.<\/p>\n<p>Comment on y arrive ? En simplifiant le processus d\u2019obtention de pr\u00eat. Notre processus est simple, rapide et permet aux emprunteurs de soumettre une demande en quelques minutes et d\u2019\u00eatre approuv\u00e9 imm\u00e9diatement.<\/p>\n<p>[\/et_pb_text][\/et_pb_column][et_pb_column type=&#8221;1_4&#8243; _builder_version=&#8221;4.7.7&#8243; _module_preset=&#8221;default&#8221;][et_pb_text _builder_version=&#8221;4.7.7&#8243; _module_preset=&#8221;default&#8221; header_3_font=&#8221;Poppins||||||||&#8221; header_3_font_size=&#8221;25px&#8221;]<\/p>\n<h3 class=\"impact-text\">Notre vision<\/h3>\n<p>Nous offrons des services de pr\u00eats d\u2019argent novateurs et r\u00e9volutionnaires. Nous nous adaptons constamment ; \u00e0 la demande du march\u00e9 et aux besoins de nos clients. Nos processus sont simples, efficaces et \u00e0 la fine pointe de la technologie.<\/p>\n<p>[\/et_pb_text][et_pb_text _builder_version=&#8221;4.7.7&#8243; _module_preset=&#8221;default&#8221; header_3_font=&#8221;Poppins||||||||&#8221; header_3_font_size=&#8221;25px&#8221;]<\/p>\n<h3 class=\"impact-text\">Nos valeurs<\/h3>\n<p>\u00c9thique. Respect. \u00c9quit\u00e9.<\/p>\n<p>[\/et_pb_text][\/et_pb_column][\/et_pb_row][\/et_pb_section][et_pb_section fb_built=&#8221;1&#8243; _builder_version=&#8221;4.7.7&#8243; _module_preset=&#8221;default&#8221; background_color=&#8221;#1e5502&#8243; custom_padding=&#8221;0px||0px||false|false&#8221;][et_pb_row column_structure=&#8221;2_3,1_3&#8243; make_equal=&#8221;on&#8221; _builder_version=&#8221;4.7.7&#8243; _module_preset=&#8221;default&#8221;][et_pb_column type=&#8221;2_3&#8243; _builder_version=&#8221;4.7.7&#8243; _module_preset=&#8221;default&#8221; custom_padding=&#8221;0px||0px||false|false&#8221;][et_pb_text _builder_version=&#8221;4.7.7&#8243; _module_preset=&#8221;default&#8221; text_font=&#8221;Poppins||||||||&#8221; text_text_color=&#8221;#ffffff&#8221; text_font_size=&#8221;24px&#8221; text_line_height=&#8221;2.1em&#8221; header_3_text_color=&#8221;#ffffff&#8221;]<\/p>\n<p>OBTENEZ VOTRE PR\u00caT MAINTENANT !<\/p>\n<p>[\/et_pb_text][\/et_pb_column][et_pb_column type=&#8221;1_3&#8243; _builder_version=&#8221;4.7.7&#8243; _module_preset=&#8221;default&#8221;][et_pb_button button_url=&#8221;https:\/\/dev21.cash-depot.ca\/fr\/demande-en-ligne\/&#8221; button_text=&#8221;POSTULER MAINTENANT&#8221; _builder_version=&#8221;4.7.7&#8243; _module_preset=&#8221;default&#8221; custom_button=&#8221;on&#8221; button_text_color=&#8221;#ffffff&#8221;][\/et_pb_button][\/et_pb_column][\/et_pb_row][\/et_pb_section]<\/p>\n<div style='text-align:left' class='yasr-auto-insert-visitor'><!--Yasr Visitor Votes Shortcode--><div id='yasr_visitor_votes_f7b8b7962bf2d' class='yasr-visitor-votes'><div class=\"yasr-custom-text-vv-before yasr-custom-text-vv-before-23303\">Click to rate this post!<\/div><div id='yasr-vv-second-row-container-f7b8b7962bf2d'\r\n                                        class='yasr-vv-second-row-container'><div id='yasr-visitor-votes-rater-f7b8b7962bf2d'\r\n                                      class='yasr-rater-stars-vv'\r\n                                      data-rater-postid='23303'\r\n                                      data-rating='0'\r\n                                      data-rater-starsize='32'\r\n                                      data-rater-readonly='false'\r\n                                      data-rater-nonce='8fcae86cad'\r\n                                      data-issingular='false'\r\n                                    ><\/div><div class=\"yasr-vv-stats-text-container\" id=\"yasr-vv-stats-text-container-f7b8b7962bf2d\"><svg xmlns=\"https:\/\/www.w3.org\/2000\/svg\" width=\"20\" height=\"20\"\r\n                                   class=\"yasr-dashicons-visitor-stats\"\r\n                                   data-postid=\"23303\"\r\n                                   id=\"yasr-stats-dashicon-f7b8b7962bf2d\">\r\n                                   <path d=\"M18 18v-16h-4v16h4zM12 18v-11h-4v11h4zM6 18v-8h-4v8h4z\"><\/path>\r\n                               <\/svg><span id=\"yasr-vv-text-container-f7b8b7962bf2d\" class=\"yasr-vv-text-container\">[Total: <span id=\"yasr-vv-votes-number-container-f7b8b7962bf2d\">0<\/span>  Average: <span id=\"yasr-vv-average-container-f7b8b7962bf2d\">0<\/span>]<\/span><\/div><div id='yasr-vv-loader-f7b8b7962bf2d' class='yasr-vv-container-loader'><\/div><\/div><div id='yasr-vv-bottom-container-f7b8b7962bf2d' class='yasr-vv-bottom-container'><\/div><\/div><!--End Yasr Visitor Votes Shortcode--><\/div>","protected":false},"excerpt":{"rendered":"<p>\u00c0 ProposQui sommes-nous? Nous sommes, comme vous, de vraies personnes avec de v\u00e9ritables soucis. Nous avons rencontr\u00e9 les m\u00eames difficult\u00e9s que vous rencontrez aujourd\u2019hui. Payer les factures, les p\u00e9nalit\u00e9s de retard et les d\u00e9penses d\u2019urgence n\u2019est pas toujours facile. Nous connaissons ce sentiment de d\u00e9ception quand toutes les portes se referment devant nous. C\u2019est pourquoi, [&hellip;]<\/p>\n","protected":false},"author":1,"featured_media":0,"parent":0,"menu_order":0,"comment_status":"closed","ping_status":"closed","template":"","meta":{"_et_pb_use_builder":"on","_et_pb_old_content":"","_et_gb_content_width":"","yasr_overall_rating":0,"yasr_post_is_review":"","yasr_auto_insert_disabled":"","yasr_review_type":"","footnotes":""},"yasr_visitor_votes":{"stars_attributes":{"read_only":false,"span_bottom":false},"number_of_votes":0,"sum_votes":0},"_links":{"self":[{"href":"https:\/\/mail.depositmycashnow.ca\/fr\/wp-json\/wp\/v2\/pages\/23303"}],"collection":[{"href":"https:\/\/mail.depositmycashnow.ca\/fr\/wp-json\/wp\/v2\/pages"}],"about":[{"href":"https:\/\/mail.depositmycashnow.ca\/fr\/wp-json\/wp\/v2\/types\/page"}],"author":[{"embeddable":true,"href":"https:\/\/mail.depositmycashnow.ca\/fr\/wp-json\/wp\/v2\/users\/1"}],"replies":[{"embeddable":true,"href":"https:\/\/mail.depositmycashnow.ca\/fr\/wp-json\/wp\/v2\/comments?post=23303"}],"version-history":[{"count":6,"href":"https:\/\/mail.depositmycashnow.ca\/fr\/wp-json\/wp\/v2\/pages\/23303\/revisions"}],"predecessor-version":[{"id":24199,"href":"https:\/\/mail.depositmycashnow.ca\/fr\/wp-json\/wp\/v2\/pages\/23303\/revisions\/24199"}],"wp:attachment":[{"href":"https:\/\/mail.depositmycashnow.ca\/fr\/wp-json\/wp\/v2\/media?parent=23303"}],"curies":[{"name":"wp","href":"https:\/\/api.w.org\/{rel}","templated":true}]}}